{"id":1188,"date":"2023-07-02T09:20:46","date_gmt":"2023-07-02T09:20:46","guid":{"rendered":"https:\/\/ramonbatlle.com\/?page_id=1188"},"modified":"2023-07-09T00:35:57","modified_gmt":"2023-07-09T00:35:57","slug":"sobre-mi","status":"publish","type":"page","link":"https:\/\/ramonbatlle.com\/index.php\/es\/sobre-mi\/","title":{"rendered":"Sobre M\u00ed"},"content":{"rendered":"\n<div class=\"wp-block-uagb-container uagb-block-6d3c01b4 alignfull uagb-is-root-container\"><div class=\"uagb-container-inner-blocks-wrap\">\n<div class=\"wp-block-uagb-advanced-heading uagb-block-e02f6022\" id=\"Sobre_mi\"><h1 class=\"uagb-heading-text\">Sobre m\u00ed<\/h1><\/div>\n<\/div><\/div>\n\n\n\n<div class=\"wp-block-uagb-container uagb-block-3ec519c4 alignfull uagb-is-root-container\"><div class=\"uagb-container-inner-blocks-wrap\">\n<div class=\"wp-block-uagb-container uagb-block-1711ec5e\">\n<figure class=\"wp-block-image aligncenter size-medium has-custom-border is-style-default\"><img loading=\"lazy\" decoding=\"async\" width=\"300\" height=\"300\" src=\"https:\/\/ramonbatlle.com\/wp-content\/uploads\/2023\/07\/jo-300x300.png\" alt=\"\" class=\"has-border-color has-white-border-color wp-image-1323\" style=\"border-width:4px;border-radius:26px\" srcset=\"https:\/\/ramonbatlle.com\/wp-content\/uploads\/2023\/07\/jo-300x300.png 300w, https:\/\/ramonbatlle.com\/wp-content\/uploads\/2023\/07\/jo-150x150.png 150w, https:\/\/ramonbatlle.com\/wp-content\/uploads\/2023\/07\/jo-768x768.png 768w, https:\/\/ramonbatlle.com\/wp-content\/uploads\/2023\/07\/jo-600x600.png 600w, https:\/\/ramonbatlle.com\/wp-content\/uploads\/2023\/07\/jo.png 1000w\" sizes=\"auto, (max-width: 300px) 100vw, 300px\" \/><\/figure>\n\n\n\n<figure class=\"wp-block-image aligncenter size-full\"><img loading=\"lazy\" decoding=\"async\" width=\"618\" height=\"365\" src=\"https:\/\/ramonbatlle.com\/wp-content\/uploads\/2023\/07\/badges-1.png\" alt=\"\" class=\"wp-image-1827\" srcset=\"https:\/\/ramonbatlle.com\/wp-content\/uploads\/2023\/07\/badges-1.png 618w, https:\/\/ramonbatlle.com\/wp-content\/uploads\/2023\/07\/badges-1-300x177.png 300w\" sizes=\"auto, (max-width: 618px) 100vw, 618px\" \/><\/figure>\n<\/div>\n\n\n\n<div class=\"wp-block-uagb-container uagb-block-1ce201c0\">\n<div class=\"wp-block-uagb-info-box uagb-block-b3e53785 uagb-infobox__content-wrap  uagb-infobox-icon-above-title uagb-infobox-image-valign-top\"><div class=\"uagb-ifb-content\"><div class=\"uagb-ifb-title-wrap\"><span class=\"uagb-ifb-title-prefix\"><strong>Hola! <\/strong><strong>Soy Ramon Batlle. He decidido crear este sitio web para compartir las herramientas que he creado y utilizo a diario, as\u00ed como para compartir experiencias, ideas y proyectos educativos.<\/strong><br><br><\/span><\/div><p class=\"uagb-ifb-desc\">Mi formaci\u00f3n est\u00e1 en el campo de las ciencias biosanitarias. Estudi\u00e9 <strong>Biotecnolog\u00eda<\/strong> y <strong>Bioqu\u00edmica<\/strong>. Consciente de que lo que me gustaba era la docencia, realic\u00e9 el <strong>M\u00e1ster oficial de profesorado de Secundaria<\/strong> y ahora llevo 11 a\u00f1os impartiendo clases en Secundaria y Bachillerato.<br><br>A lo largo de mi carrera profesional he ense\u00f1ado asignaturas de diferentes tipos: Matem\u00e1ticas, Biolog\u00eda, Geolog\u00eda, F\u00edsica, Qu\u00edmica, Tecnolog\u00eda y Rob\u00f3tica. Tambi\u00e9n llevo ejerciendo des del 2016 algunos cargos administrativos como <strong>Jefe de Departamento de Ciencias y Matem\u00e1ticas<\/strong> y <strong>Coordinador de ciclo<\/strong>.<br><br>Me apasiona la docencia. Soy un gran \u00abadepto\u00bb primero a la <strong>innovaci\u00f3n pedag\u00f3gica<\/strong> y a las <strong>metodolog\u00edas activas de aprendizaje<\/strong> donde el alumno es el protagonista, y por otro lado, a la tecnolog\u00eda en general, pero especialmente aplicada a la educaci\u00f3n.<br><br>Desde hace muchos a\u00f1os utilizo Google Workspace en mi tarea diaria y he sido reconocido por Google como <strong><em>Google for Education Certified Trainer<\/em><\/strong>. Es por eso que las herramientas que encontrar\u00e9is en este sitio web est\u00e1n realizadas con <em>Google Apps Script<\/em> y herramientas del entorno de Google.<br><br>Adem\u00e1s realizo <strong>formaci\u00f3n docente y ponencias<\/strong> sobre tecnolog\u00eda aplicada a la educaci\u00f3n, siempre explic\u00e1ndolo desde la experiencia personal, ideas y herramientas que he probado y me han funcionado.<br><br>Como afici\u00f3n, me gusta mucho la m\u00fasica. Toco la guitarra y la bater\u00eda, he formado parte de grupos de m\u00fasica y sigo grabando y produciendo algunas canciones que normalmente solo ense\u00f1o en mis c\u00edrculos m\u00e1s \u00edntimos. \ud83d\ude09<\/p><\/div><\/div>\n<\/div>\n<\/div><\/div>\n\n\n\n<div class=\"wp-block-uagb-container uagb-block-6b334ba1 alignfull uagb-is-root-container\"><div class=\"uagb-container-inner-blocks-wrap\">\n<div class=\"wp-block-uagb-container uagb-block-5e1034a1\">\n<div id=\"wp-block-themeisle-blocks-font-awesome-icons-3d91bd24\" class=\"wp-block-themeisle-blocks-font-awesome-icons\"><span class=\"wp-block-themeisle-blocks-font-awesome-icons-container\"><a href=\"https:\/\/ramonbatlle.com\/index.php\/es\/herramientas\/\" target=\"_self\" rel=\"noopener noreferrer\"><i class=\"fas fa-tools\"><\/i><\/a><\/span><\/div>\n\n\n\n<div class=\"wp-block-uagb-advanced-heading uagb-block-0fd82c47\" id=\"eines\u200b_\"><h2 class=\"uagb-heading-text\"><a href=\"https:\/\/ramonbatlle.com\/index.php\/es\/herramientas\/\" data-type=\"URL\" data-id=\"https:\/\/ramonbatlle.com\/index.php\/es\/herramientas\/\"><strong>herramientas<\/strong>\u200b <\/a><\/h2><\/div>\n\n\n\n<div class=\"wp-block-uagb-icon-list uagb-block-26ed4cee\"><div class=\"uagb-icon-list__wrap\">\n<div class=\"wp-block-uagb-icon-list-child uagb-block-978f3c2d\"><span class=\"uagb-icon-list__label\">Desarrollo herramientas para la gesti\u00f3n de centros educativos o para ayudar en la tarea docente.<\/span><\/div>\n<\/div><\/div>\n<\/div>\n\n\n\n<div class=\"wp-block-uagb-container uagb-block-20d7b92b\">\n<div id=\"wp-block-themeisle-blocks-font-awesome-icons-ba80aadb\" class=\"wp-block-themeisle-blocks-font-awesome-icons\"><span class=\"wp-block-themeisle-blocks-font-awesome-icons-container\"><a href=\"https:\/\/ramonbatlle.com\/index.php\/es\/formaciones\/\" target=\"_self\" rel=\"noopener noreferrer\"><i class=\"fas fa-book\"><\/i><\/a><\/span><\/div>\n\n\n\n<div class=\"wp-block-uagb-advanced-heading uagb-block-1c328fcb\" id=\"formacions\"><h2 class=\"uagb-heading-text\"><a href=\"https:\/\/ramonbatlle.com\/index.php\/es\/formaciones\/\" data-type=\"URL\" data-id=\"https:\/\/ramonbatlle.com\/index.php\/es\/formaciones\/\"><strong>formaciones<\/strong><\/a><\/h2><\/div>\n\n\n\n<div class=\"wp-block-uagb-icon-list uagb-block-11c654f8\"><div class=\"uagb-icon-list__wrap\">\n<div class=\"wp-block-uagb-icon-list-child uagb-block-04bb6de7\"><span class=\"uagb-icon-list__label\">Ofrezco formaciones de diferentes temas relacionados con la tecnolog\u00eda educativa.<\/span><\/div>\n<\/div><\/div>\n<\/div>\n\n\n\n<div class=\"wp-block-uagb-container uagb-block-c7f8b848\">\n<div id=\"wp-block-themeisle-blocks-font-awesome-icons-1dcbc7d5\" class=\"wp-block-themeisle-blocks-font-awesome-icons\"><span class=\"wp-block-themeisle-blocks-font-awesome-icons-container\"><i class=\"fas fa-chalkboard-teacher\"><\/i><\/span><\/div>\n\n\n\n<div class=\"wp-block-uagb-advanced-heading uagb-block-f005d2dc\" id=\"professional\"><h2 class=\"uagb-heading-text\">profesi\u00f3n<\/h2><\/div>\n\n\n\n<div class=\"wp-block-uagb-icon-list uagb-block-f02bf31e\"><div class=\"uagb-icon-list__wrap\">\n<div class=\"wp-block-uagb-icon-list-child uagb-block-3b878c3f\"><span class=\"uagb-icon-list__source-wrap\"><svg xmlns=\"https:\/\/www.w3.org\/2000\/svg\" viewBox=\"0 0 256 512\"><path d=\"M118.6 105.4l128 127.1C252.9 239.6 256 247.8 256 255.1s-3.125 16.38-9.375 22.63l-128 127.1c-9.156 9.156-22.91 11.9-34.88 6.943S64 396.9 64 383.1V128c0-12.94 7.781-24.62 19.75-29.58S109.5 96.23 118.6 105.4z\"><\/path><\/svg><\/span><span class=\"uagb-icon-list__label\">Profesor de Secundaria.<\/span><\/div>\n\n\n\n<div class=\"wp-block-uagb-icon-list-child uagb-block-b71061cf\"><span class=\"uagb-icon-list__source-wrap\"><svg xmlns=\"https:\/\/www.w3.org\/2000\/svg\" viewBox=\"0 0 256 512\"><path d=\"M118.6 105.4l128 127.1C252.9 239.6 256 247.8 256 255.1s-3.125 16.38-9.375 22.63l-128 127.1c-9.156 9.156-22.91 11.9-34.88 6.943S64 396.9 64 383.1V128c0-12.94 7.781-24.62 19.75-29.58S109.5 96.23 118.6 105.4z\"><\/path><\/svg><\/span><span class=\"uagb-icon-list__label\">Licenciado en Biotecnolog\u00eda y Bioqu\u00edmica.<\/span><\/div>\n\n\n\n<div class=\"wp-block-uagb-icon-list-child uagb-block-021917aa\"><span class=\"uagb-icon-list__source-wrap\"><svg xmlns=\"https:\/\/www.w3.org\/2000\/svg\" viewBox=\"0 0 256 512\"><path d=\"M118.6 105.4l128 127.1C252.9 239.6 256 247.8 256 255.1s-3.125 16.38-9.375 22.63l-128 127.1c-9.156 9.156-22.91 11.9-34.88 6.943S64 396.9 64 383.1V128c0-12.94 7.781-24.62 19.75-29.58S109.5 96.23 118.6 105.4z\"><\/path><\/svg><\/span><span class=\"uagb-icon-list__label\">11 a\u00f1os experiencia docente.<\/span><\/div>\n<\/div><\/div>\n<\/div>\n<\/div><\/div>\n","protected":false},"excerpt":{"rendered":"<p>Sobre m\u00ed herramientas\u200b formaciones profesi\u00f3n<\/p>\n","protected":false},"author":1,"featured_media":0,"parent":0,"menu_order":0,"comment_status":"closed","ping_status":"closed","template":"","meta":{"_uag_custom_page_level_css":"","_monsterinsights_skip_tracking":false,"_monsterinsights_sitenote_active":false,"_monsterinsights_sitenote_note":"","_monsterinsights_sitenote_category":0,"site-sidebar-layout":"no-sidebar","site-content-layout":"plain-container","ast-global-header-display":"","ast-banner-title-visibility":"","ast-main-header-display":"","ast-hfb-above-header-display":"","ast-hfb-below-header-display":"","ast-hfb-mobile-header-display":"","site-post-title":"disabled","ast-breadcrumbs-content":"","ast-featured-img":"disabled","footer-sml-layout":"","theme-transparent-header-meta":"enabled","adv-header-id-meta":"","stick-header-meta":"","header-above-stick-meta":"","header-main-stick-meta":"","header-below-stick-meta":"","_themeisle_gutenberg_block_has_review":false,"footnotes":""},"class_list":["post-1188","page","type-page","status-publish","hentry"],"yoast_head":"<!-- This site is optimized with the Yoast SEO plugin v21.4 - https:\/\/yoast.com\/wordpress\/plugins\/seo\/ -->\n<title>Sobre M\u00ed - Ramon Batlle<\/title>\n<meta name=\"robots\" content=\"index, follow, max-snippet:-1, max-image-preview:large, max-video-preview:-1\" \/>\n<link rel=\"canonical\" href=\"https:\/\/ramonbatlle.com\/index.php\/es\/sobre-mi\/\" \/>\n<meta property=\"og:locale\" content=\"es_ES\" \/>\n<meta property=\"og:type\" content=\"article\" \/>\n<meta property=\"og:title\" content=\"Sobre M\u00ed - Ramon Batlle\" \/>\n<meta property=\"og:description\" content=\"Sobre m\u00ed herramientas\u200b formaciones profesi\u00f3n\" \/>\n<meta property=\"og:url\" content=\"https:\/\/ramonbatlle.com\/index.php\/es\/sobre-mi\/\" \/>\n<meta property=\"og:site_name\" content=\"Ramon Batlle\" \/>\n<meta property=\"article:modified_time\" content=\"2023-07-09T00:35:57+00:00\" \/>\n<meta property=\"og:image\" content=\"https:\/\/ramonbatlle.com\/wp-content\/uploads\/2023\/07\/jo-300x300.png\" \/>\n<meta name=\"twitter:card\" content=\"summary_large_image\" \/>\n<meta name=\"twitter:label1\" content=\"Tiempo de lectura\" \/>\n\t<meta name=\"twitter:data1\" content=\"2 minutos\" \/>\n<script type=\"application\/ld+json\" class=\"yoast-schema-graph\">{\"@context\":\"https:\/\/schema.org\",\"@graph\":[{\"@type\":\"WebPage\",\"@id\":\"https:\/\/ramonbatlle.com\/index.php\/es\/sobre-mi\/\",\"url\":\"https:\/\/ramonbatlle.com\/index.php\/es\/sobre-mi\/\",\"name\":\"Sobre M\u00ed - Ramon Batlle\",\"isPartOf\":{\"@id\":\"https:\/\/ramonbatlle.com\/#website\"},\"datePublished\":\"2023-07-02T09:20:46+00:00\",\"dateModified\":\"2023-07-09T00:35:57+00:00\",\"breadcrumb\":{\"@id\":\"https:\/\/ramonbatlle.com\/index.php\/es\/sobre-mi\/#breadcrumb\"},\"inLanguage\":\"es\",\"potentialAction\":[{\"@type\":\"ReadAction\",\"target\":[\"https:\/\/ramonbatlle.com\/index.php\/es\/sobre-mi\/\"]}]},{\"@type\":\"BreadcrumbList\",\"@id\":\"https:\/\/ramonbatlle.com\/index.php\/es\/sobre-mi\/#breadcrumb\",\"itemListElement\":[{\"@type\":\"ListItem\",\"position\":1,\"name\":\"Portada\",\"item\":\"https:\/\/ramonbatlle.com\/\"},{\"@type\":\"ListItem\",\"position\":2,\"name\":\"Sobre M\u00ed\"}]},{\"@type\":\"WebSite\",\"@id\":\"https:\/\/ramonbatlle.com\/#website\",\"url\":\"https:\/\/ramonbatlle.com\/\",\"name\":\"Ramon Batlle\",\"description\":\"Educaci\u00f3 i tecnologia\",\"potentialAction\":[{\"@type\":\"SearchAction\",\"target\":{\"@type\":\"EntryPoint\",\"urlTemplate\":\"https:\/\/ramonbatlle.com\/?s={search_term_string}\"},\"query-input\":\"required name=search_term_string\"}],\"inLanguage\":\"es\"}]}<\/script>\n<!-- \/ Yoast SEO plugin. -->","yoast_head_json":{"title":"Sobre M\u00ed - Ramon Batlle","robots":{"index":"index","follow":"follow","max-snippet":"max-snippet:-1","max-image-preview":"max-image-preview:large","max-video-preview":"max-video-preview:-1"},"canonical":"https:\/\/ramonbatlle.com\/index.php\/es\/sobre-mi\/","og_locale":"es_ES","og_type":"article","og_title":"Sobre M\u00ed - Ramon Batlle","og_description":"Sobre m\u00ed herramientas\u200b formaciones profesi\u00f3n","og_url":"https:\/\/ramonbatlle.com\/index.php\/es\/sobre-mi\/","og_site_name":"Ramon Batlle","article_modified_time":"2023-07-09T00:35:57+00:00","og_image":[{"url":"https:\/\/ramonbatlle.com\/wp-content\/uploads\/2023\/07\/jo-300x300.png"}],"twitter_card":"summary_large_image","twitter_misc":{"Tiempo de lectura":"2 minutos"},"schema":{"@context":"https:\/\/schema.org","@graph":[{"@type":"WebPage","@id":"https:\/\/ramonbatlle.com\/index.php\/es\/sobre-mi\/","url":"https:\/\/ramonbatlle.com\/index.php\/es\/sobre-mi\/","name":"Sobre M\u00ed - Ramon Batlle","isPartOf":{"@id":"https:\/\/ramonbatlle.com\/#website"},"datePublished":"2023-07-02T09:20:46+00:00","dateModified":"2023-07-09T00:35:57+00:00","breadcrumb":{"@id":"https:\/\/ramonbatlle.com\/index.php\/es\/sobre-mi\/#breadcrumb"},"inLanguage":"es","potentialAction":[{"@type":"ReadAction","target":["https:\/\/ramonbatlle.com\/index.php\/es\/sobre-mi\/"]}]},{"@type":"BreadcrumbList","@id":"https:\/\/ramonbatlle.com\/index.php\/es\/sobre-mi\/#breadcrumb","itemListElement":[{"@type":"ListItem","position":1,"name":"Portada","item":"https:\/\/ramonbatlle.com\/"},{"@type":"ListItem","position":2,"name":"Sobre M\u00ed"}]},{"@type":"WebSite","@id":"https:\/\/ramonbatlle.com\/#website","url":"https:\/\/ramonbatlle.com\/","name":"Ramon Batlle","description":"Educaci\u00f3 i tecnologia","potentialAction":[{"@type":"SearchAction","target":{"@type":"EntryPoint","urlTemplate":"https:\/\/ramonbatlle.com\/?s={search_term_string}"},"query-input":"required name=search_term_string"}],"inLanguage":"es"}]}},"uagb_featured_image_src":{"full":false,"thumbnail":false,"medium":false,"medium_large":false,"large":false,"1536x1536":false,"2048x2048":false,"ultp_layout_landscape_large":false,"ultp_layout_landscape":false,"ultp_layout_portrait":false,"ultp_layout_square":false},"uagb_author_info":{"display_name":"Ramon Batlle","author_link":"https:\/\/ramonbatlle.com\/index.php\/author\/admin9225\/"},"uagb_comment_info":0,"uagb_excerpt":"Sobre m\u00ed herramientas\u200b formaciones profesi\u00f3n","_links":{"self":[{"href":"https:\/\/ramonbatlle.com\/index.php\/wp-json\/wp\/v2\/pages\/1188","targetHints":{"allow":["GET"]}}],"collection":[{"href":"https:\/\/ramonbatlle.com\/index.php\/wp-json\/wp\/v2\/pages"}],"about":[{"href":"https:\/\/ramonbatlle.com\/index.php\/wp-json\/wp\/v2\/types\/page"}],"author":[{"embeddable":true,"href":"https:\/\/ramonbatlle.com\/index.php\/wp-json\/wp\/v2\/users\/1"}],"replies":[{"embeddable":true,"href":"https:\/\/ramonbatlle.com\/index.php\/wp-json\/wp\/v2\/comments?post=1188"}],"version-history":[{"count":3,"href":"https:\/\/ramonbatlle.com\/index.php\/wp-json\/wp\/v2\/pages\/1188\/revisions"}],"predecessor-version":[{"id":1829,"href":"https:\/\/ramonbatlle.com\/index.php\/wp-json\/wp\/v2\/pages\/1188\/revisions\/1829"}],"wp:attachment":[{"href":"https:\/\/ramonbatlle.com\/index.php\/wp-json\/wp\/v2\/media?parent=1188"}],"curies":[{"name":"wp","href":"https:\/\/api.w.org\/{rel}","templated":true}]}}