{"id":1487,"date":"2023-07-05T17:21:54","date_gmt":"2023-07-05T17:21:54","guid":{"rendered":"https:\/\/ramonbatlle.com\/?page_id=1487"},"modified":"2023-07-07T00:05:01","modified_gmt":"2023-07-07T00:05:01","slug":"politica-privacidad","status":"publish","type":"page","link":"https:\/\/ramonbatlle.com\/index.php\/es\/politica-privacidad\/","title":{"rendered":"Pol\u00edtica de privacidad y Cookies"},"content":{"rendered":"\n<div class=\"wp-block-uagb-container uagb-block-65104963 alignfull uagb-is-root-container\"><div class=\"uagb-container-inner-blocks-wrap\">\n<div class=\"wp-block-uagb-advanced-heading uagb-block-3b0bb515\"><h1 class=\"uagb-heading-text\">Pol\u00edtica de privacidad\u200b<\/h1><\/div>\n<\/div><\/div>\n\n\n\n<div class=\"wp-block-uagb-container uagb-block-e62b465e alignfull uagb-is-root-container\"><div class=\"uagb-container-inner-blocks-wrap\">\n<div style=\"height:41px\" aria-hidden=\"true\" class=\"wp-block-spacer\"><\/div>\n\n\n\t\t\t\t<div class=\"wp-block-uagb-table-of-contents uagb-toc__align-left uagb-toc__columns-1  uagb-block-bdeecbc8      \"\n\t\t\t\t\tdata-scroll= \"1\"\n\t\t\t\t\tdata-offset= \"30\"\n\t\t\t\t\tstyle=\"\"\n\t\t\t\t>\n\t\t\t\t<div class=\"uagb-toc__wrap\">\n\t\t\t\t\t\t<div class=\"uagb-toc__title\">\n\t\t\t\t\t\t\t\t\t\t\t\t\t<\/div>\n\t\t\t\t\t\t\t\t\t\t\t\t\t\t\t\t\t\t\t\t\t\t<div class=\"uagb-toc__list-wrap \">\n\t\t\t\t\t\t<ol class=\"uagb-toc__list\"><li class=\"uagb-toc__list\"><a href=\"#1-qui\u00e9nes-somos\" class=\"uagb-toc-link__trigger\">1. \u00bfQui\u00e9nes somos?<\/a><li class=\"uagb-toc__list\"><a href=\"#2-datos-personales\" class=\"uagb-toc-link__trigger\">2. Datos personales<\/a><li class=\"uagb-toc__list\"><a href=\"#3-comentarios\" class=\"uagb-toc-link__trigger\">3. Comentarios<\/a><li class=\"uagb-toc__list\"><a href=\"#4-formularios-de-contacto\" class=\"uagb-toc-link__trigger\">4. Formularios de contacto<\/a><li class=\"uagb-toc__list\"><a href=\"#5-cookies\" class=\"uagb-toc-link__trigger\">5. Cookies<\/a><li class=\"uagb-toc__list\"><a href=\"#6-contenido-incrustado-de-otros-sitios-webs\" class=\"uagb-toc-link__trigger\">6. Contenido incrustado de otros sitios webs<\/a><li class=\"uagb-toc__list\"><a href=\"#7-c\u00f3digo-plantillas-y-aplicativos\" class=\"uagb-toc-link__trigger\">7. C\u00f3digo, plantillas y aplicativos<\/a><li class=\"uagb-toc__list\"><a href=\"#8-modificaciones\" class=\"uagb-toc-link__trigger\">8. Modificaciones<\/a><\/ol>\t\t\t\t\t<\/div>\n\t\t\t\t\t\t\t\t\t<\/div>\n\t\t\t\t<\/div>\n\t\t\t\n\n\n<div style=\"height:63px\" aria-hidden=\"true\" class=\"wp-block-spacer\"><\/div>\n\n\n\n<div class=\"wp-block-uagb-advanced-heading uagb-block-652c2fee\"><h2 class=\"uagb-heading-text\">1. \u00bfQui\u00e9nes somos?<\/h2><\/div>\n\n\n\n<p>La web www.ramonbatlle.com es propiedad de Ramon Batlle Pujals que es el \u00fanico responsable de la creaci\u00f3n y el mantenimiento de este sitio web. \u00c9ste es un espacio personal con el objetivo exclusivo de difundir informaci\u00f3n, sin \u00e1nimo de lucro.<\/p>\n\n\n\n<div class=\"wp-block-uagb-advanced-heading uagb-block-0a0471d8\"><h2 class=\"uagb-heading-text\">2. Datos personales<\/h2><\/div>\n\n\n\n<p>Esta web no recoge informaci\u00f3n personal de forma autom\u00e1tica de los usuarios que la visitan, sin embargo se recogen algunos datos anal\u00edticos, funcionales y t\u00e9cnicos para mejorar el funcionamiento de la web, as\u00ed como los facilitados por el usuario a trav\u00e9s del formulario de contacto: Nombre y apellidos y correo electr\u00f3nico o en los comentarios en el blog. Todos estos datos se especifican en las siguientes secciones de este documento.<\/p>\n\n\n\n<div class=\"wp-block-uagb-advanced-heading uagb-block-8522f6f5\"><h2 class=\"uagb-heading-text\">3. Comentarios<\/h2><\/div>\n\n\n\n<p>Cuando los visitantes dejan comentarios en el sitio web, recopilamos los datos que se muestran en el formulario de comentarios, as\u00ed como la direcci\u00f3n IP del visitante y la cadena de agentes de usuario del navegador para ayudar en la detecci\u00f3n de spam.<br><br>Se puede proporcionar un hash an\u00f3nimo creado a partir de tu direcci\u00f3n de correo electr\u00f3nico al servicio Gravatar para verificar si lo est\u00e1s utilizando. La pol\u00edtica de privacidad del servicio Gravatar est\u00e1 disponible aqu\u00ed: <a href=\"https:\/\/automattic.com\/privacy\/\">https:\/\/automattic.com\/privacy\/<\/a>. Despu\u00e9s de aprobar tu comentario, la imagen de tu perfil ser\u00e1 visible para el p\u00fablico en el contexto de tu comentario.<br><br>Se da la opci\u00f3n de almacenar el nombre, el correo electr\u00f3nico y el sitio web del autor de un comentario a trav\u00e9s de las cookies, el usuario tiene la opci\u00f3n de hacerlo y se especifica en la secci\u00f3n 5 de este documento.<br><br>Cada usuario es responsable, de manera \u00fanica y exclusiva, de sus opiniones y de la informaci\u00f3n que facilite p\u00fablicamente.<\/p>\n\n\n\n<div class=\"wp-block-uagb-advanced-heading uagb-block-5a552175\"><h2 class=\"uagb-heading-text\">4. Formularios de contacto<\/h2><\/div>\n\n\n\n<p>En el sitio web se pueden encontrar dos formularios donde el usuario puede ingresar informaci\u00f3n:<\/p>\n\n\n\n<ul class=\"wp-block-list\">\n<li><p><strong>Formulario de contacto:<\/strong> Se solicitan \u00fanicamente el nombre y apellidos del usuario y la direcci\u00f3n de correo electr\u00f3nico para poder contactarlo en caso necesario. En este formulario de contacto se requiere la aceptaci\u00f3n de esta pol\u00edtica de privacidad. Los datos se almacenar\u00e1n \u00fanicamente durante el tiempo que dure la conversaci\u00f3n con el usuario y no por un per\u00edodo superior a dos meses.<br> <\/p><\/li>\n\n\n\n<li><strong>Formulario Buy me a Coffee:<\/strong> El sitio web enlaza a un formulario de microdonaciones que es gestionado por la empresa Buy Me a Coffee, de acuerdo con sus pol\u00edticas de privacidad: <a href=\"https:\/\/www.buymeacoffee.com\/privacy-policy\">https:\/\/www.buymeacoffee.com\/privacy-policy<\/a><\/li>\n<\/ul>\n\n\n\n<div class=\"wp-block-uagb-advanced-heading uagb-block-92ec1f68\"><h2 class=\"uagb-heading-text\">5. Cookies<\/h2><\/div>\n\n\n\n<p>A continuaci\u00f3n se especifican las cookies que utiliza esta p\u00e1gina web. Como mencionamos en la secci\u00f3n 2, todas las cookies son de tipo anal\u00edtico o se utilizan para mejorar el funcionamiento del sitio web. En el caso de las cookies anal\u00edticas, se utiliza Google Analytics para recopilar informaci\u00f3n b\u00e1sica sobre el tr\u00e1fico del sitio web, pero se han tomado medidas para anonimizar las direcciones IP de los dispositivos utilizados por los visitantes, de modo que no queden registradas en los servidores de Google de manera inequ\u00edvocamente identificable.<br><br>Puedes desactivar las cookies por completo siguiendo la gu\u00eda mostrada en este <a rel=\"noreferrer noopener\" href=\"https:\/\/www.cookiesandyou.com\/disable-cookies\" data-type=\"URL\" data-id=\"https:\/\/www.cookiesandyou.com\/disable-cookies\" target=\"_blank\">enlace.<\/a><\/p>\n\n\n\n<figure class=\"wp-block-table is-style-regular\"><table><thead><tr><th>Denominaci\u00f3n<\/th><th>Categoria<\/th><th>Titular<\/th><th>Duraci\u00f3n<\/th><th>Finalidad<\/th><\/tr><\/thead><tbody><tr><td>wordpres_test_cookie<\/td><td>T\u00e9cnica<\/td><td>Propia<\/td><td>Mientras dura la sesi\u00f3n<\/td><td>Comprobar si las cookies est\u00e1n habilitadas en el navegador para proporcionar una experiencia de usuario adecuada.<\/td><\/tr><tr><td>comment_author_{HASH}<\/td><td>T\u00e9cnica <\/td><td>Propia<\/td><td>1 a\u00f1o<\/td><td>Se utiliza para guardar el nombre del autor de un comentario, si se ha marcado la opci\u00f3n \u00abGuardar mi nombre, correo electr\u00f3nico y sitio web en este navegador para la pr\u00f3xima vez que comente\u00bb.<\/td><\/tr><tr><td>comment_author_email_{HASH}<\/td><td>T\u00e9cnica <\/td><td>Propia<\/td><td>1 a\u00f1o<\/td><td>Se utiliza para guardar el correo electr\u00f3nico del autor de un comentario, si se ha marcado la opci\u00f3n \u00abGuardar mi nombre, correo electr\u00f3nico y sitio web en este navegador para la pr\u00f3xima vez que comente\u00bb.<\/td><\/tr><tr><td>comment_author_url_{HASH}<\/td><td>T\u00e9cnica <\/td><td>Propia<\/td><td>1 a\u00f1o<\/td><td>Se utiliza para guardar la p\u00e1gina web del autor de un comentario, si se ha marcado la opci\u00f3n \u00abGuardar mi nombre, correo electr\u00f3nico y sitio web en este navegador para la pr\u00f3xima vez que comente\u00bb.<\/td><\/tr><tr><td>pll_language<\/td><td>T\u00e9cnica<\/td><td>Propia<\/td><td>1 a\u00f1o<\/td><td>Se utiliza para almacenar las opciones de idioma elegidas por el usuario y mostrarle las mismas la pr\u00f3xima vez que visite el sitio web.<\/td><\/tr><tr><td>visited<\/td><td>T\u00e9cnica<\/td><td>Terceros<\/td><td>1 d\u00eda<\/td><td>Cookie del widget de Buy me a Coffee. Recuerda si el usuario ha minimizado o cerrado el cuadro de mensajes emergentes en el sitio web.<\/td><\/tr><tr><td>_lscache_vary<\/td><td>T\u00e9cnica<\/td><td>Terceros<\/td><td>2 d\u00edas<\/td><td>Cookie del plugin LiteSpeed Cache, almacena el rol de un usuario conectado. Normalmente, si es un usuario o un administrador del sitio.<\/td><\/tr><tr><td>litespeed_docref<\/td><td>T\u00e9cnica<\/td><td>Terceros<\/td><td>Mientras dura la sesi\u00f3n<\/td><td>Cookie del plugin LiteSpeed Cache, se utiliza para la optimizaci\u00f3n de la carga web.<\/td><\/tr><tr><td>cmplz_consented_services<\/td><td>T\u00e9cnica<\/td><td>Propia<\/td><td>1 a\u00f1o<\/td><td>Almacena las preferencias del banner del consentimiento de cookies.<\/td><\/tr><tr><td>ga_<\/td><td>Anal\u00edtica<\/td><td>Terceros<\/td><td>2 a\u00f1os<\/td><td>Cookie de Google Universal Analytics. Registra un ID \u00fanico, generado de manera aleatoria, que se utiliza para generar datos estad\u00edsticos sobre c\u00f3mo utiliza el sitio web el visitante.<\/td><\/tr><tr><td>ga_#<\/td><td>Anal\u00edtica<\/td><td>Terceros<\/td><td>2 a\u00f1os<\/td><td>Utilizado por Google Analytics para recopilar datos sobre la cantidad de veces que un usuario ha visitado el sitio web, as\u00ed como las fechas de la primera y la visita m\u00e1s reciente.<\/td><\/tr><\/tbody><\/table><\/figure>\n\n\n\n<div class=\"wp-block-uagb-advanced-heading uagb-block-66a24165\"><h2 class=\"uagb-heading-text\">6. Contenido incrustado de otros sitios webs<\/h2><\/div>\n\n\n\n<p>Los art\u00edculos de este sitio pueden incluir contenido incrustado (por ejemplo, videos, im\u00e1genes, art\u00edculos, etc.). El contenido incrustado de otros sitios web se comporta exactamente de la misma manera que si el visitante hubiera visitado el otro sitio web.<br><br>Estos sitios web pueden recopilar datos sobre ti, utilizar cookies, incrustar un seguimiento adicional de terceros y supervisar tu interacci\u00f3n con este contenido incrustado.<\/p>\n\n\n\n<div class=\"wp-block-uagb-advanced-heading uagb-block-2f6904d9\"><h2 class=\"uagb-heading-text\">7. C\u00f3digo, plantillas y aplicativos<\/h2><\/div>\n\n\n\n<p>En este sitio web encontrar\u00e1s plantillas o aplicaciones con fragmentos de c\u00f3digo, las cuales no tienen ninguna garant\u00eda de utilidad y\/o funcionamiento, ni se brinda soporte de forma nativa para ellas. Estos elementos se distribuyen bajo la licencia Creative Commons (<a href=\"https:\/\/creativecommons.org\/licenses\/by-nc-sa\/4.0\/deed.es\" data-type=\"URL\" data-id=\"https:\/\/creativecommons.org\/licenses\/by-nc-sa\/4.0\/deed.es\" target=\"_blank\" rel=\"noreferrer noopener\">BY-NC-SA<\/a>). Bajo ninguna circunstancia tengo acceso a tus datos por el hecho de que utilices las aplicaciones o plantillas que publico. El uso de estas aplicaciones si han sido modificadas por terceras personas no puede garantizar la privacidad y la recopilaci\u00f3n de datos personales, y en todo caso ser\u00eda responsabilidad de la persona que ha modificado la plantilla o la aplicaci\u00f3n.<\/p>\n\n\n\n<div class=\"wp-block-uagb-advanced-heading uagb-block-245e506a\"><h2 class=\"uagb-heading-text\">8. Modificaciones<\/h2><\/div>\n\n\n\n<p>Esta pol\u00edtica de privacidad puede experimentar cambios en cualquier momento. Su ultima actualizaci\u00f3n ha sido a fecha 6 de julio de 2023.<\/p>\n<\/div><\/div>\n","protected":false},"excerpt":{"rendered":"<p>Pol\u00edtica de privacidad\u200b 1. \u00bfQui\u00e9nes somos? La web www.ramonbatlle.com es propiedad de Ramon Batlle Pujals que es el \u00fanico responsable de la creaci\u00f3n y el mantenimiento de este sitio web. \u00c9ste es un espacio personal con el objetivo exclusivo de difundir informaci\u00f3n, sin \u00e1nimo de lucro. 2. Datos personales Esta web no recoge informaci\u00f3n personal &hellip;<\/p>\n<p class=\"read-more\"> <a class=\"\" href=\"https:\/\/ramonbatlle.com\/index.php\/es\/politica-privacidad\/\"> <span class=\"screen-reader-text\">Pol\u00edtica de privacidad y Cookies<\/span> Leer m\u00e1s &raquo;<\/a><\/p>\n","protected":false},"author":1,"featured_media":0,"parent":0,"menu_order":0,"comment_status":"closed","ping_status":"closed","template":"","meta":{"_uag_custom_page_level_css":"","_monsterinsights_skip_tracking":false,"_monsterinsights_sitenote_active":false,"_monsterinsights_sitenote_note":"","_monsterinsights_sitenote_category":0,"site-sidebar-layout":"no-sidebar","site-content-layout":"plain-container","ast-global-header-display":"","ast-banner-title-visibility":"","ast-main-header-display":"","ast-hfb-above-header-display":"","ast-hfb-below-header-display":"","ast-hfb-mobile-header-display":"","site-post-title":"disabled","ast-breadcrumbs-content":"","ast-featured-img":"disabled","footer-sml-layout":"","theme-transparent-header-meta":"enabled","adv-header-id-meta":"","stick-header-meta":"","header-above-stick-meta":"","header-main-stick-meta":"","header-below-stick-meta":"","_themeisle_gutenberg_block_has_review":false,"footnotes":""},"class_list":["post-1487","page","type-page","status-publish","hentry"],"yoast_head":"<!-- This site is optimized with the Yoast SEO plugin v21.4 - https:\/\/yoast.com\/wordpress\/plugins\/seo\/ -->\n<title>Pol\u00edtica de privacidad y Cookies - Ramon Batlle<\/title>\n<meta name=\"robots\" content=\"index, follow, max-snippet:-1, max-image-preview:large, max-video-preview:-1\" \/>\n<link rel=\"canonical\" href=\"https:\/\/ramonbatlle.com\/index.php\/es\/politica-privacidad\/\" \/>\n<meta property=\"og:locale\" content=\"es_ES\" \/>\n<meta property=\"og:type\" content=\"article\" \/>\n<meta property=\"og:title\" content=\"Pol\u00edtica de privacidad y Cookies - Ramon Batlle\" \/>\n<meta property=\"og:description\" content=\"Pol\u00edtica de privacidad\u200b 1. \u00bfQui\u00e9nes somos? La web www.ramonbatlle.com es propiedad de Ramon Batlle Pujals que es el \u00fanico responsable de la creaci\u00f3n y el mantenimiento de este sitio web. \u00c9ste es un espacio personal con el objetivo exclusivo de difundir informaci\u00f3n, sin \u00e1nimo de lucro. 2. Datos personales Esta web no recoge informaci\u00f3n personal &hellip; Pol\u00edtica de privacidad y Cookies Leer m\u00e1s &raquo;\" \/>\n<meta property=\"og:url\" content=\"https:\/\/ramonbatlle.com\/index.php\/es\/politica-privacidad\/\" \/>\n<meta property=\"og:site_name\" content=\"Ramon Batlle\" \/>\n<meta property=\"article:modified_time\" content=\"2023-07-07T00:05:01+00:00\" \/>\n<meta name=\"twitter:card\" content=\"summary_large_image\" \/>\n<meta name=\"twitter:label1\" content=\"Tiempo de lectura\" \/>\n\t<meta name=\"twitter:data1\" content=\"2 minutos\" \/>\n<script type=\"application\/ld+json\" class=\"yoast-schema-graph\">{\"@context\":\"https:\/\/schema.org\",\"@graph\":[{\"@type\":\"WebPage\",\"@id\":\"https:\/\/ramonbatlle.com\/index.php\/es\/politica-privacidad\/\",\"url\":\"https:\/\/ramonbatlle.com\/index.php\/es\/politica-privacidad\/\",\"name\":\"Pol\u00edtica de privacidad y Cookies - Ramon Batlle\",\"isPartOf\":{\"@id\":\"https:\/\/ramonbatlle.com\/#website\"},\"datePublished\":\"2023-07-05T17:21:54+00:00\",\"dateModified\":\"2023-07-07T00:05:01+00:00\",\"breadcrumb\":{\"@id\":\"https:\/\/ramonbatlle.com\/index.php\/es\/politica-privacidad\/#breadcrumb\"},\"inLanguage\":\"es\",\"potentialAction\":[{\"@type\":\"ReadAction\",\"target\":[\"https:\/\/ramonbatlle.com\/index.php\/es\/politica-privacidad\/\"]}]},{\"@type\":\"BreadcrumbList\",\"@id\":\"https:\/\/ramonbatlle.com\/index.php\/es\/politica-privacidad\/#breadcrumb\",\"itemListElement\":[{\"@type\":\"ListItem\",\"position\":1,\"name\":\"Portada\",\"item\":\"https:\/\/ramonbatlle.com\/\"},{\"@type\":\"ListItem\",\"position\":2,\"name\":\"Pol\u00edtica de privacidad y Cookies\"}]},{\"@type\":\"WebSite\",\"@id\":\"https:\/\/ramonbatlle.com\/#website\",\"url\":\"https:\/\/ramonbatlle.com\/\",\"name\":\"Ramon Batlle\",\"description\":\"Educaci\u00f3 i tecnologia\",\"potentialAction\":[{\"@type\":\"SearchAction\",\"target\":{\"@type\":\"EntryPoint\",\"urlTemplate\":\"https:\/\/ramonbatlle.com\/?s={search_term_string}\"},\"query-input\":\"required name=search_term_string\"}],\"inLanguage\":\"es\"}]}<\/script>\n<!-- \/ Yoast SEO plugin. -->","yoast_head_json":{"title":"Pol\u00edtica de privacidad y Cookies - Ramon Batlle","robots":{"index":"index","follow":"follow","max-snippet":"max-snippet:-1","max-image-preview":"max-image-preview:large","max-video-preview":"max-video-preview:-1"},"canonical":"https:\/\/ramonbatlle.com\/index.php\/es\/politica-privacidad\/","og_locale":"es_ES","og_type":"article","og_title":"Pol\u00edtica de privacidad y Cookies - Ramon Batlle","og_description":"Pol\u00edtica de privacidad\u200b 1. \u00bfQui\u00e9nes somos? La web www.ramonbatlle.com es propiedad de Ramon Batlle Pujals que es el \u00fanico responsable de la creaci\u00f3n y el mantenimiento de este sitio web. \u00c9ste es un espacio personal con el objetivo exclusivo de difundir informaci\u00f3n, sin \u00e1nimo de lucro. 2. Datos personales Esta web no recoge informaci\u00f3n personal &hellip; Pol\u00edtica de privacidad y Cookies Leer m\u00e1s &raquo;","og_url":"https:\/\/ramonbatlle.com\/index.php\/es\/politica-privacidad\/","og_site_name":"Ramon Batlle","article_modified_time":"2023-07-07T00:05:01+00:00","twitter_card":"summary_large_image","twitter_misc":{"Tiempo de lectura":"2 minutos"},"schema":{"@context":"https:\/\/schema.org","@graph":[{"@type":"WebPage","@id":"https:\/\/ramonbatlle.com\/index.php\/es\/politica-privacidad\/","url":"https:\/\/ramonbatlle.com\/index.php\/es\/politica-privacidad\/","name":"Pol\u00edtica de privacidad y Cookies - Ramon Batlle","isPartOf":{"@id":"https:\/\/ramonbatlle.com\/#website"},"datePublished":"2023-07-05T17:21:54+00:00","dateModified":"2023-07-07T00:05:01+00:00","breadcrumb":{"@id":"https:\/\/ramonbatlle.com\/index.php\/es\/politica-privacidad\/#breadcrumb"},"inLanguage":"es","potentialAction":[{"@type":"ReadAction","target":["https:\/\/ramonbatlle.com\/index.php\/es\/politica-privacidad\/"]}]},{"@type":"BreadcrumbList","@id":"https:\/\/ramonbatlle.com\/index.php\/es\/politica-privacidad\/#breadcrumb","itemListElement":[{"@type":"ListItem","position":1,"name":"Portada","item":"https:\/\/ramonbatlle.com\/"},{"@type":"ListItem","position":2,"name":"Pol\u00edtica de privacidad y Cookies"}]},{"@type":"WebSite","@id":"https:\/\/ramonbatlle.com\/#website","url":"https:\/\/ramonbatlle.com\/","name":"Ramon Batlle","description":"Educaci\u00f3 i tecnologia","potentialAction":[{"@type":"SearchAction","target":{"@type":"EntryPoint","urlTemplate":"https:\/\/ramonbatlle.com\/?s={search_term_string}"},"query-input":"required name=search_term_string"}],"inLanguage":"es"}]}},"uagb_featured_image_src":{"full":false,"thumbnail":false,"medium":false,"medium_large":false,"large":false,"1536x1536":false,"2048x2048":false,"ultp_layout_landscape_large":false,"ultp_layout_landscape":false,"ultp_layout_portrait":false,"ultp_layout_square":false},"uagb_author_info":{"display_name":"Ramon Batlle","author_link":"https:\/\/ramonbatlle.com\/index.php\/author\/admin9225\/"},"uagb_comment_info":0,"uagb_excerpt":"Pol\u00edtica de privacidad\u200b 1. \u00bfQui\u00e9nes somos? La web www.ramonbatlle.com es propiedad de Ramon Batlle Pujals que es el \u00fanico responsable de la creaci\u00f3n y el mantenimiento de este sitio web. \u00c9ste es un espacio personal con el objetivo exclusivo de difundir informaci\u00f3n, sin \u00e1nimo de lucro. 2. Datos personales Esta web no recoge informaci\u00f3n personal&hellip;","_links":{"self":[{"href":"https:\/\/ramonbatlle.com\/index.php\/wp-json\/wp\/v2\/pages\/1487","targetHints":{"allow":["GET"]}}],"collection":[{"href":"https:\/\/ramonbatlle.com\/index.php\/wp-json\/wp\/v2\/pages"}],"about":[{"href":"https:\/\/ramonbatlle.com\/index.php\/wp-json\/wp\/v2\/types\/page"}],"author":[{"embeddable":true,"href":"https:\/\/ramonbatlle.com\/index.php\/wp-json\/wp\/v2\/users\/1"}],"replies":[{"embeddable":true,"href":"https:\/\/ramonbatlle.com\/index.php\/wp-json\/wp\/v2\/comments?post=1487"}],"version-history":[{"count":49,"href":"https:\/\/ramonbatlle.com\/index.php\/wp-json\/wp\/v2\/pages\/1487\/revisions"}],"predecessor-version":[{"id":1648,"href":"https:\/\/ramonbatlle.com\/index.php\/wp-json\/wp\/v2\/pages\/1487\/revisions\/1648"}],"wp:attachment":[{"href":"https:\/\/ramonbatlle.com\/index.php\/wp-json\/wp\/v2\/media?parent=1487"}],"curies":[{"name":"wp","href":"https:\/\/api.w.org\/{rel}","templated":true}]}}