{"id":1561,"date":"2023-07-06T19:24:22","date_gmt":"2023-07-06T19:24:22","guid":{"rendered":"https:\/\/ramonbatlle.com\/?page_id=1561"},"modified":"2023-07-07T00:03:50","modified_gmt":"2023-07-07T00:03:50","slug":"politica-privadesa","status":"publish","type":"page","link":"https:\/\/ramonbatlle.com\/index.php\/politica-privadesa\/","title":{"rendered":"Pol\u00edtica de privadesa i Cookies"},"content":{"rendered":"\n<div class=\"wp-block-uagb-container uagb-block-251c0395 alignfull uagb-is-root-container\"><div class=\"uagb-container-inner-blocks-wrap\">\n<div class=\"wp-block-uagb-advanced-heading uagb-block-bdec9468\"><h1 class=\"uagb-heading-text\">Pol\u00edtica de privadesa\u200b<\/h1><\/div>\n<\/div><\/div>\n\n\n\n<div class=\"wp-block-uagb-container uagb-block-3ab3f744 alignfull uagb-is-root-container\"><div class=\"uagb-container-inner-blocks-wrap\">\n<div style=\"height:41px\" aria-hidden=\"true\" class=\"wp-block-spacer\"><\/div>\n\n\n\t\t\t\t<div class=\"wp-block-uagb-table-of-contents uagb-toc__align-left uagb-toc__columns-1  uagb-block-09a5658c      \"\n\t\t\t\t\tdata-scroll= \"1\"\n\t\t\t\t\tdata-offset= \"30\"\n\t\t\t\t\tstyle=\"\"\n\t\t\t\t>\n\t\t\t\t<div class=\"uagb-toc__wrap\">\n\t\t\t\t\t\t<div class=\"uagb-toc__title\">\n\t\t\t\t\t\t\t\t\t\t\t\t\t<\/div>\n\t\t\t\t\t\t\t\t\t\t\t\t\t\t\t\t\t\t\t\t\t\t<div class=\"uagb-toc__list-wrap \">\n\t\t\t\t\t\t<ol class=\"uagb-toc__list\"><li class=\"uagb-toc__list\"><a href=\"#1-qui-som\" class=\"uagb-toc-link__trigger\">1. Qui som?<\/a><li class=\"uagb-toc__list\"><a href=\"#2-dades-personals\" class=\"uagb-toc-link__trigger\">2. Dades personals<\/a><li class=\"uagb-toc__list\"><a href=\"#3-comentaris\" class=\"uagb-toc-link__trigger\">3. Comentaris<\/a><li class=\"uagb-toc__list\"><a href=\"#4-formularis-de-contacte\" class=\"uagb-toc-link__trigger\">4. Formularis de contacte<\/a><li class=\"uagb-toc__list\"><a href=\"#5-cookies\" class=\"uagb-toc-link__trigger\">5. Cookies<\/a><li class=\"uagb-toc__list\"><a href=\"#6-contingut-incrustat-daltres-llocs-webs\" class=\"uagb-toc-link__trigger\">6. Contingut incrustat d&#039;altres llocs webs<\/a><li class=\"uagb-toc__list\"><a href=\"#7-codi-i-aplicatius\" class=\"uagb-toc-link__trigger\">7. Codi i aplicatius<\/a><li class=\"uagb-toc__list\"><a href=\"#8-modificacions\" class=\"uagb-toc-link__trigger\">8. Modificacions<\/a><\/ol>\t\t\t\t\t<\/div>\n\t\t\t\t\t\t\t\t\t<\/div>\n\t\t\t\t<\/div>\n\t\t\t\n\n\n<div style=\"height:63px\" aria-hidden=\"true\" class=\"wp-block-spacer\"><\/div>\n\n\n\n<div class=\"wp-block-uagb-advanced-heading uagb-block-baaa154e\"><h2 class=\"uagb-heading-text\">1. Qui som?<\/h2><\/div>\n\n\n\n<p>El web www.ramonbatlle.com \u00e9s propietat de Ramon Batlle Pujals el qual \u00e9s l&#8217;\u00fanic responsable de la creaci\u00f3 i el manteniment d&#8217;aquest lloc web. Aquest \u00e9s un espai personal amb l&#8217;objectiu exclusiu de difondre informaci\u00f3, sense \u00e0nim de lucre.<\/p>\n\n\n\n<div class=\"wp-block-uagb-advanced-heading uagb-block-9dc384e7\"><h2 class=\"uagb-heading-text\">2. Dades personals<\/h2><\/div>\n\n\n\n<p>Aquest web no recull informaci\u00f3 personal de manera autom\u00e0tica dels usuaris que la visiten, tot i aix\u00ed es recullen algunes dades anal\u00edtiques, funcionals i t\u00e8cniques per a millorar el funcionament del web, aix\u00ed com les facilitades per l&#8217;usuari a trav\u00e9s del formulari de contacte: Nom i cognoms i correu electr\u00f2nic o als comentaris al blog.  Totes aquestes dades s&#8217;especifiquen en les seg\u00fcents seccions d&#8217;aquest document.<\/p>\n\n\n\n<div class=\"wp-block-uagb-advanced-heading uagb-block-9e410302\"><h2 class=\"uagb-heading-text\">3. Comentaris<\/h2><\/div>\n\n\n\n<p>Quan els visitants deixen comentaris al lloc web, recopilem les dades que es mostren al formulari de comentaris, aix\u00ed com l&#8217;adre\u00e7a IP del visitant i la cadena d&#8217;agents d&#8217;usuari del navegador per ajudar a la detecci\u00f3 de spam.<br><br>Es pot proporcionar un hash an\u00f2nim creat a partir de la teva adre\u00e7a de correu electr\u00f2nic al servei Gravatar per comprovar si l&#8217;est\u00e0s utilitzant. La pol\u00edtica de privadesa del servei Gravatar est\u00e0 disponible aqu\u00ed: <a rel=\"noreferrer noopener\" href=\"https:\/\/automattic.com\/privacy\/.\" target=\"_blank\">https:\/\/automattic.com\/privacy\/.<\/a> Despr\u00e9s d&#8217;aprovar el teu comentari, la imatge del teu perfil ser\u00e0 visible per al p\u00fablic en el context del teu comentari.<br><br>Es d\u00f3na la opci\u00f3 d&#8217;emmagatzemar el nom, el correu electr\u00f2nic i el web de l&#8217;autor d&#8217;un comentari a trav\u00e9s de les cookies, l&#8217;usuari t\u00e9 l&#8217;opci\u00f3 de fer-ho i s&#8217;especifica en la secci\u00f3 5 d&#8217;aquest document.<br><br>Cada usuari \u00e9s responsable, de manera \u00fanica i exclusiva, de les seves opinions i de la informaci\u00f3 que faciliti p\u00fablicament.<\/p>\n\n\n\n<div class=\"wp-block-uagb-advanced-heading uagb-block-f03321c0\"><h2 class=\"uagb-heading-text\">4. Formularis de contacte<\/h2><\/div>\n\n\n\n<p>En el web es poden trobar dos formularis on l&#8217;usuari pot introdu\u00efr informaci\u00f3:<\/p>\n\n\n\n<ul class=\"wp-block-list\">\n<li><strong><\/strong><p><strong>Formulari de contacte<\/strong>: Es demanen nom\u00e9s el Nom i cognoms del usuari i l&#8217;adre\u00e7a electr\u00f2nica per tal de posar-me en contacte amb ell en cas necessari. En aquest formulari de contacte es reclama l&#8217;acceptaci\u00f3 d&#8217;aquesta pol\u00edtica de privadesa. Les dades s&#8217;emmagatzemaran nom\u00e9s durant el temps que duri la conversa amb l&#8217;usuari i no durant un per\u00edode superior a dos mesos.<br> <\/p><\/li>\n\n\n\n<li><strong>Formulari Buy me a Coffee:<\/strong> El web enlla\u00e7a a un formulari de microdonacions el qual \u00e9s gestionat per l&#8217;empresa Buy my cofee segons les seves pol\u00edtiques de privadesa: <a href=\"https:\/\/www.buymeacoffee.com\/privacy-policy \">https:\/\/www.buymeacoffee.com\/privacy-policy <\/a><\/li>\n<\/ul>\n\n\n\n<div class=\"wp-block-uagb-advanced-heading uagb-block-fccb6c76\"><h2 class=\"uagb-heading-text\">5. Cookies<\/h2><\/div>\n\n\n\n<p>A continuaci\u00f3 s&#8217;especifiquen les cookies que utilitza aquesta p\u00e0gina web, com hem dit en la secci\u00f3 2 totes les cookies s\u00f3n de tipus anal\u00edtic, o per a millorar el funcionament de la p\u00e0gina web. En el cas de les cookies anal\u00edtiques s&#8217;utilitza Google Analytics per capturar informaci\u00f3 b\u00e0sica del tr\u00e0nsit del lloc web per\u00f2 s&#8217;han pres mesures per anonimitzar les IP dels dispositius utilitzats pels visitants de manera que ni tan sols quedin registrades als servidors de Google de manera inequ\u00edvocament identificable.<br><br>Pots desactivar les cookies completament seguint la guia mostrada en aquest <a href=\"https:\/\/www.cookiesandyou.com\/disable-cookies\" data-type=\"URL\" data-id=\"https:\/\/www.cookiesandyou.com\/disable-cookies\" target=\"_blank\" rel=\"noreferrer noopener\">enlla\u00e7<\/a>.<\/p>\n\n\n\n<figure class=\"wp-block-table is-style-regular\"><table><thead><tr><th>Denominaci\u00f3<\/th><th>Categoria<\/th><th>Titular<\/th><th>Duraci\u00f3<\/th><th>Finalitat<\/th><\/tr><\/thead><tbody><tr><td>wordpres_test_cookie<\/td><td>T\u00e8cnica<\/td><td>Pr\u00f2pia<\/td><td>Mentre dura la sessi\u00f3<\/td><td>Comprovar si les galetes estan habilitades al navegador per proporcionar una experi\u00e8ncia d&#8217;usuari adequada als usuaris. <\/td><\/tr><tr><td>comment_author_{HASH}<\/td><td>T\u00e8cnica <\/td><td>Pr\u00f2pia<\/td><td>1 any<\/td><td>S&#8217;utilitza per guardar el nom de l&#8217;autor d&#8217;un comentari, si s&#8217;ha marcat l&#8217;opci\u00f3 \u00abGuardar el meu nom, correu electr\u00f2nic i lloc web en aquest navegador per a la propera vegada que comenti\u00bb.<\/td><\/tr><tr><td>comment_author_email_{HASH}<\/td><td>T\u00e8cnica <\/td><td>Pr\u00f2pia<\/td><td>1 any<\/td><td>S&#8217;utilitza per guardar el correu electr\u00f2nic de l&#8217;autor d&#8217;un comentari, si s&#8217;ha marcat l&#8217;opci\u00f3 \u00abGuardar el meu nom, correu electr\u00f2nic i lloc web en aquest navegador per a la propera vegada que comenti\u00bb.<\/td><\/tr><tr><td>comment_author_url_{HASH}<\/td><td>T\u00e8cnica <\/td><td>Pr\u00f2pia<\/td><td>1 any<\/td><td>S&#8217;utilitza per guardar la p\u00e0gina web de l&#8217;autor d&#8217;un comentari, si s&#8217;ha marcat l&#8217;opci\u00f3 \u00abGuardar el meu nom, correu electr\u00f2nic i lloc web en aquest navegador per a la propera vegada que comenti\u00bb.<\/td><\/tr><tr><td>pll_language<\/td><td>T\u00e8cnica<\/td><td>Pr\u00f2pia<\/td><td>1 any<\/td><td>S&#8217;utilitza per emmagatzemar les opcions d&#8217;idioma escollides per l&#8217;usuari i per tornar-li a mostrar les mateixes la propera vegada que visiti el web.<\/td><\/tr><tr><td>visited<\/td><td>T\u00e8cnica<\/td><td>Tercers<\/td><td>1 dia<\/td><td>Cookie del widget de Buy me a Coffee. Recorda si l&#8217;usuari ha minimitzat o tancat el quadre de missatges emergents al lloc web.<\/td><\/tr><tr><td>_lscache_vary<\/td><td>T\u00e8cnica<\/td><td>Tercers<\/td><td>2 dies<\/td><td>Cookie del plugin LiteSpeed Cache, emmagatzema el rol d&#8217;un usuari connectat. Normalment, si \u00e9s un usuari o un administrador del lloc.<\/td><\/tr><tr><td>litespeed_docref<\/td><td>T\u00e8cnica<\/td><td>Tercers<\/td><td>Mentre dura la sessi\u00f3<\/td><td>Cookie del plugin LiteSpeed Cache, s&#8217;utitza per l&#8217;optimitzaci\u00f3 de la carrega web.<\/td><\/tr><tr><td>cmplz_consented_services<\/td><td>Tecnica<\/td><td>Pr\u00f2pia<\/td><td>1 any<\/td><td>Emmagatzema les prefer\u00e8ncies del banner de consentiment de cookies.<\/td><\/tr><tr><td>ga_<\/td><td>Anal\u00edtica<\/td><td>Tercers<\/td><td>2 anys<\/td><td>Cookie de Google Universal Analytics. Registra un ID \u00fanic, generat de manera aleat\u00f2ria, que s&#8217;utilitza per generar dades estad\u00edstiques sobre com fa servir el lloc web el visitant.<\/td><\/tr><tr><td>ga_#<\/td><td>Anal\u00edtica<\/td><td>Tercers<\/td><td>2 anys<\/td><td>Utilitzat per Google Analytics per recopilar dades sobre el nombre de vegades que un usuari ha visitat el lloc web aix\u00ed com dates de la primera i la m\u00e9s recent visita.<\/td><\/tr><\/tbody><\/table><\/figure>\n\n\n\n<div class=\"wp-block-uagb-advanced-heading uagb-block-5f7b388b\"><h2 class=\"uagb-heading-text\">6. Contingut incrustat d&#8217;altres llocs webs<\/h2><\/div>\n\n\n\n<p>Els articles d&#8217;aquest lloc poden incloure contingut incrustat (per exemple, v\u00eddeos, imatges, articles, etc.). El contingut incrustat d&#8217;altres llocs web es comporta exactament de la mateixa manera que si el visitant hagu\u00e9s visitat l&#8217;altre lloc web.<br><br>Aquests llocs web poden recopilar dades sobre tu, utilitzar cookies, incrustar un seguiment addicional de tercers i supervisar la teva interacci\u00f3 amb aquest contingut incrustat.<\/p>\n\n\n\n<div class=\"wp-block-uagb-advanced-heading uagb-block-d8426b7a\"><h2 class=\"uagb-heading-text\">7. Codi i aplicatius<\/h2><\/div>\n\n\n\n<p>En aquest lloc web hi trobar\u00e0s plantilles o aplicatius amb fragments de codi, aquestes no tenen cap mena de garantia d&#8217;utilitat i\/o funcionament ni es d\u00f3na suport de manera nativa en elles. Aquests elements es distribueixen sota llic\u00e8ncia <a href=\"https:\/\/creativecommons.org\/licenses\/by-nc-sa\/4.0\/deed.ca\" data-type=\"URL\" target=\"_blank\" rel=\"noreferrer noopener\">Creative Commons (BY-NC-SA)<\/a>. Sota cap circumst\u00e0ncia tinc acc\u00e9s a les teves dades pel fet que utilitzis les aplicacions o plantilles que publico. Utilitzar aquests aplicatius si han estat modificats per terceres persones no pot garantir la privacitat i el recull de dades personals, i en tot cas seria responsabilitat de la persona que ha modificat la plantilla o l&#8217;aplicatiu.<\/p>\n\n\n\n<div class=\"wp-block-uagb-advanced-heading uagb-block-ee618b1b\"><h2 class=\"uagb-heading-text\">8. Modificacions<\/h2><\/div>\n\n\n\n<p>Aquesta pol\u00edtica de privacitat pot experimentar canvis en qualsevol moment. La seva \u00faltima actualizatci\u00f3 ha estat a data 6 de juliol de 2023.<\/p>\n<\/div><\/div>\n","protected":false},"excerpt":{"rendered":"<p>Pol\u00edtica de privadesa\u200b 1. Qui som? El web www.ramonbatlle.com \u00e9s propietat de Ramon Batlle Pujals el qual \u00e9s l&#8217;\u00fanic responsable de la creaci\u00f3 i el manteniment d&#8217;aquest lloc web. Aquest \u00e9s un espai personal amb l&#8217;objectiu exclusiu de difondre informaci\u00f3, sense \u00e0nim de lucre. 2. Dades personals Aquest web no recull informaci\u00f3 personal de manera &hellip;<\/p>\n<p class=\"read-more\"> <a class=\"\" href=\"https:\/\/ramonbatlle.com\/index.php\/politica-privadesa\/\"> <span class=\"screen-reader-text\">Pol\u00edtica de privadesa i Cookies<\/span> Leer m\u00e1s &raquo;<\/a><\/p>\n","protected":false},"author":1,"featured_media":0,"parent":0,"menu_order":0,"comment_status":"closed","ping_status":"closed","template":"","meta":{"_uag_custom_page_level_css":"","_monsterinsights_skip_tracking":false,"_monsterinsights_sitenote_active":false,"_monsterinsights_sitenote_note":"","_monsterinsights_sitenote_category":0,"site-sidebar-layout":"no-sidebar","site-content-layout":"plain-container","ast-global-header-display":"","ast-banner-title-visibility":"","ast-main-header-display":"","ast-hfb-above-header-display":"","ast-hfb-below-header-display":"","ast-hfb-mobile-header-display":"","site-post-title":"disabled","ast-breadcrumbs-content":"","ast-featured-img":"disabled","footer-sml-layout":"","theme-transparent-header-meta":"enabled","adv-header-id-meta":"","stick-header-meta":"","header-above-stick-meta":"","header-main-stick-meta":"","header-below-stick-meta":"","_themeisle_gutenberg_block_has_review":false,"footnotes":""},"class_list":["post-1561","page","type-page","status-publish","hentry"],"yoast_head":"<!-- This site is optimized with the Yoast SEO plugin v21.4 - https:\/\/yoast.com\/wordpress\/plugins\/seo\/ -->\n<title>Pol\u00edtica de privadesa i Cookies - Ramon Batlle<\/title>\n<meta name=\"robots\" content=\"index, follow, max-snippet:-1, max-image-preview:large, max-video-preview:-1\" \/>\n<link rel=\"canonical\" href=\"https:\/\/ramonbatlle.com\/index.php\/politica-privadesa\/\" \/>\n<meta property=\"og:locale\" content=\"es_ES\" \/>\n<meta property=\"og:type\" content=\"article\" \/>\n<meta property=\"og:title\" content=\"Pol\u00edtica de privadesa i Cookies - Ramon Batlle\" \/>\n<meta property=\"og:description\" content=\"Pol\u00edtica de privadesa\u200b 1. Qui som? El web www.ramonbatlle.com \u00e9s propietat de Ramon Batlle Pujals el qual \u00e9s l&#8217;\u00fanic responsable de la creaci\u00f3 i el manteniment d&#8217;aquest lloc web. Aquest \u00e9s un espai personal amb l&#8217;objectiu exclusiu de difondre informaci\u00f3, sense \u00e0nim de lucre. 2. Dades personals Aquest web no recull informaci\u00f3 personal de manera &hellip; Pol\u00edtica de privadesa i Cookies Leer m\u00e1s &raquo;\" \/>\n<meta property=\"og:url\" content=\"https:\/\/ramonbatlle.com\/index.php\/politica-privadesa\/\" \/>\n<meta property=\"og:site_name\" content=\"Ramon Batlle\" \/>\n<meta property=\"article:modified_time\" content=\"2023-07-07T00:03:50+00:00\" \/>\n<meta name=\"twitter:card\" content=\"summary_large_image\" \/>\n<meta name=\"twitter:label1\" content=\"Tiempo de lectura\" \/>\n\t<meta name=\"twitter:data1\" content=\"2 minutos\" \/>\n<script type=\"application\/ld+json\" class=\"yoast-schema-graph\">{\"@context\":\"https:\/\/schema.org\",\"@graph\":[{\"@type\":\"WebPage\",\"@id\":\"https:\/\/ramonbatlle.com\/index.php\/politica-privadesa\/\",\"url\":\"https:\/\/ramonbatlle.com\/index.php\/politica-privadesa\/\",\"name\":\"Pol\u00edtica de privadesa i Cookies - Ramon Batlle\",\"isPartOf\":{\"@id\":\"https:\/\/ramonbatlle.com\/#website\"},\"datePublished\":\"2023-07-06T19:24:22+00:00\",\"dateModified\":\"2023-07-07T00:03:50+00:00\",\"breadcrumb\":{\"@id\":\"https:\/\/ramonbatlle.com\/index.php\/politica-privadesa\/#breadcrumb\"},\"inLanguage\":\"es\",\"potentialAction\":[{\"@type\":\"ReadAction\",\"target\":[\"https:\/\/ramonbatlle.com\/index.php\/politica-privadesa\/\"]}]},{\"@type\":\"BreadcrumbList\",\"@id\":\"https:\/\/ramonbatlle.com\/index.php\/politica-privadesa\/#breadcrumb\",\"itemListElement\":[{\"@type\":\"ListItem\",\"position\":1,\"name\":\"Portada\",\"item\":\"https:\/\/ramonbatlle.com\/\"},{\"@type\":\"ListItem\",\"position\":2,\"name\":\"Pol\u00edtica de privadesa i Cookies\"}]},{\"@type\":\"WebSite\",\"@id\":\"https:\/\/ramonbatlle.com\/#website\",\"url\":\"https:\/\/ramonbatlle.com\/\",\"name\":\"Ramon Batlle\",\"description\":\"Educaci\u00f3 i tecnologia\",\"potentialAction\":[{\"@type\":\"SearchAction\",\"target\":{\"@type\":\"EntryPoint\",\"urlTemplate\":\"https:\/\/ramonbatlle.com\/?s={search_term_string}\"},\"query-input\":\"required name=search_term_string\"}],\"inLanguage\":\"es\"}]}<\/script>\n<!-- \/ Yoast SEO plugin. -->","yoast_head_json":{"title":"Pol\u00edtica de privadesa i Cookies - Ramon Batlle","robots":{"index":"index","follow":"follow","max-snippet":"max-snippet:-1","max-image-preview":"max-image-preview:large","max-video-preview":"max-video-preview:-1"},"canonical":"https:\/\/ramonbatlle.com\/index.php\/politica-privadesa\/","og_locale":"es_ES","og_type":"article","og_title":"Pol\u00edtica de privadesa i Cookies - Ramon Batlle","og_description":"Pol\u00edtica de privadesa\u200b 1. Qui som? El web www.ramonbatlle.com \u00e9s propietat de Ramon Batlle Pujals el qual \u00e9s l&#8217;\u00fanic responsable de la creaci\u00f3 i el manteniment d&#8217;aquest lloc web. Aquest \u00e9s un espai personal amb l&#8217;objectiu exclusiu de difondre informaci\u00f3, sense \u00e0nim de lucre. 2. Dades personals Aquest web no recull informaci\u00f3 personal de manera &hellip; Pol\u00edtica de privadesa i Cookies Leer m\u00e1s &raquo;","og_url":"https:\/\/ramonbatlle.com\/index.php\/politica-privadesa\/","og_site_name":"Ramon Batlle","article_modified_time":"2023-07-07T00:03:50+00:00","twitter_card":"summary_large_image","twitter_misc":{"Tiempo de lectura":"2 minutos"},"schema":{"@context":"https:\/\/schema.org","@graph":[{"@type":"WebPage","@id":"https:\/\/ramonbatlle.com\/index.php\/politica-privadesa\/","url":"https:\/\/ramonbatlle.com\/index.php\/politica-privadesa\/","name":"Pol\u00edtica de privadesa i Cookies - Ramon Batlle","isPartOf":{"@id":"https:\/\/ramonbatlle.com\/#website"},"datePublished":"2023-07-06T19:24:22+00:00","dateModified":"2023-07-07T00:03:50+00:00","breadcrumb":{"@id":"https:\/\/ramonbatlle.com\/index.php\/politica-privadesa\/#breadcrumb"},"inLanguage":"es","potentialAction":[{"@type":"ReadAction","target":["https:\/\/ramonbatlle.com\/index.php\/politica-privadesa\/"]}]},{"@type":"BreadcrumbList","@id":"https:\/\/ramonbatlle.com\/index.php\/politica-privadesa\/#breadcrumb","itemListElement":[{"@type":"ListItem","position":1,"name":"Portada","item":"https:\/\/ramonbatlle.com\/"},{"@type":"ListItem","position":2,"name":"Pol\u00edtica de privadesa i Cookies"}]},{"@type":"WebSite","@id":"https:\/\/ramonbatlle.com\/#website","url":"https:\/\/ramonbatlle.com\/","name":"Ramon Batlle","description":"Educaci\u00f3 i tecnologia","potentialAction":[{"@type":"SearchAction","target":{"@type":"EntryPoint","urlTemplate":"https:\/\/ramonbatlle.com\/?s={search_term_string}"},"query-input":"required name=search_term_string"}],"inLanguage":"es"}]}},"uagb_featured_image_src":{"full":false,"thumbnail":false,"medium":false,"medium_large":false,"large":false,"1536x1536":false,"2048x2048":false,"ultp_layout_landscape_large":false,"ultp_layout_landscape":false,"ultp_layout_portrait":false,"ultp_layout_square":false},"uagb_author_info":{"display_name":"Ramon Batlle","author_link":"https:\/\/ramonbatlle.com\/index.php\/author\/admin9225\/"},"uagb_comment_info":0,"uagb_excerpt":"Pol\u00edtica de privadesa\u200b 1. Qui som? El web www.ramonbatlle.com \u00e9s propietat de Ramon Batlle Pujals el qual \u00e9s l&#8217;\u00fanic responsable de la creaci\u00f3 i el manteniment d&#8217;aquest lloc web. Aquest \u00e9s un espai personal amb l&#8217;objectiu exclusiu de difondre informaci\u00f3, sense \u00e0nim de lucre. 2. Dades personals Aquest web no recull informaci\u00f3 personal de manera&hellip;","_links":{"self":[{"href":"https:\/\/ramonbatlle.com\/index.php\/wp-json\/wp\/v2\/pages\/1561","targetHints":{"allow":["GET"]}}],"collection":[{"href":"https:\/\/ramonbatlle.com\/index.php\/wp-json\/wp\/v2\/pages"}],"about":[{"href":"https:\/\/ramonbatlle.com\/index.php\/wp-json\/wp\/v2\/types\/page"}],"author":[{"embeddable":true,"href":"https:\/\/ramonbatlle.com\/index.php\/wp-json\/wp\/v2\/users\/1"}],"replies":[{"embeddable":true,"href":"https:\/\/ramonbatlle.com\/index.php\/wp-json\/wp\/v2\/comments?post=1561"}],"version-history":[{"count":12,"href":"https:\/\/ramonbatlle.com\/index.php\/wp-json\/wp\/v2\/pages\/1561\/revisions"}],"predecessor-version":[{"id":1857,"href":"https:\/\/ramonbatlle.com\/index.php\/wp-json\/wp\/v2\/pages\/1561\/revisions\/1857"}],"wp:attachment":[{"href":"https:\/\/ramonbatlle.com\/index.php\/wp-json\/wp\/v2\/media?parent=1561"}],"curies":[{"name":"wp","href":"https:\/\/api.w.org\/{rel}","templated":true}]}}