{"id":219,"date":"2023-07-10T11:50:37","date_gmt":"2023-07-10T09:50:37","guid":{"rendered":"https:\/\/ramonbatlle.com\/index.php\/services\/"},"modified":"2023-11-11T18:00:18","modified_gmt":"2023-11-11T16:00:18","slug":"eines","status":"publish","type":"page","link":"https:\/\/ramonbatlle.com\/index.php\/eines\/","title":{"rendered":"Eines"},"content":{"rendered":"\n<div class=\"wp-block-uagb-container uagb-block-73e1e677 alignfull uagb-is-root-container\"><div class=\"uagb-container-inner-blocks-wrap\">\n<div class=\"wp-block-uagb-advanced-heading uagb-block-a625f35e\"><h1 class=\"uagb-heading-text\">Eines Tic\u200b<\/h1><\/div>\n<\/div><\/div>\n\n\n\n<div class=\"wp-block-uagb-container uagb-block-4142272a alignfull uagb-is-root-container\"><div class=\"uagb-container-inner-blocks-wrap\">\n<div style=\"height:34px\" aria-hidden=\"true\" class=\"wp-block-spacer\"><\/div>\n<\/div><\/div>\n\n\n\n<div class=\"wp-block-uagb-info-box uagb-block-9568f182 uagb-infobox__content-wrap  uagb-infobox-icon-above-title uagb-infobox-image-valign-top\"><div class=\"uagb-ifb-content\"><div class=\"uagb-ifb-icon-wrap\"><svg xmlns=\"https:\/\/www.w3.org\/2000\/svg\" viewBox=\"0 0 512 512\"><path d=\"M0 256C0 114.6 114.6 0 256 0C397.4 0 512 114.6 512 256C512 397.4 397.4 512 256 512C114.6 512 0 397.4 0 256zM371.8 211.8C382.7 200.9 382.7 183.1 371.8 172.2C360.9 161.3 343.1 161.3 332.2 172.2L224 280.4L179.8 236.2C168.9 225.3 151.1 225.3 140.2 236.2C129.3 247.1 129.3 264.9 140.2 275.8L204.2 339.8C215.1 350.7 232.9 350.7 243.8 339.8L371.8 211.8z\"><\/path><\/svg><\/div><div class=\"uagb-ifb-title-wrap\"><h3 class=\"uagb-ifb-title\">Qu\u00e8 puc trobar aqu\u00ed?<\/h3><\/div><p class=\"uagb-ifb-desc\">En aquesta secci\u00f3 hi trobar\u00e0s diferents eines o plantilles que he desenvolupat principalment amb Google Sheets i Google Apps Script per a la gesti\u00f3 dels centres educatius o per facilitar-te la tasca docent. <\/p><\/div><\/div>\n\n\n\n<div style=\"height:32px\" aria-hidden=\"true\" class=\"wp-block-spacer\"><\/div>\n\n\n\n<div class=\"wp-block-uagb-container uagb-block-dfce8302 alignfull uagb-is-root-container\"><div class=\"uagb-container-inner-blocks-wrap\">\n<div class=\"wp-block-uagb-container uagb-block-355a0595\">\n<div class=\"wp-block-uagb-info-box uagb-block-bd7e5fec uagb-infobox__content-wrap  uagb-infobox-icon-left uagb-infobox-left uagb-infobox-stacked-tablet uagb-infobox-image-valign-top\"><div class=\"uagb-ifb-image-content\"><img decoding=\"async\" src=\"https:\/\/ramonbatlle.com\/wp-content\/uploads\/2023\/07\/edusched-300x218.png\" alt=\"\" width=\"160\" height=\"116\" loading=\"lazy\"\/><\/div><div class=\"uagb-ifb-content\"><div class=\"uagb-ifb-title-wrap\"><h4 class=\"uagb-ifb-title\"><strong>EduSched Generator<\/strong><\/h4><\/div><p class=\"uagb-ifb-desc\">Aplicatiu que permet generar-te l&#8217;horari al calendari i exportar la programaci\u00f3 d&#8217;aula de les diferents assignatures.<br><br><\/p><div class=\"uagb-ifb-button-wrapper wp-block-button\"><a href=\"https:\/\/ramonbatlle.com\/index.php\/2023\/07\/10\/edusched-generator-generador-dhoraris-a-google-calendar\/\" class=\"uagb-infobox-cta-link wp-block-button__link\" target=\"_self\" rel=\"noopener noreferrer\" onclick=\"return true;\" alt=\"\"><span class=\"uagb-inline-editing\">Provar-lo<\/span><svg xmlns=\"https:\/\/www.w3.org\/2000\/svg\" viewBox=\"0 0 512 512\"><path d=\"M504.3 273.6l-112.1 104c-6.992 6.484-17.18 8.218-25.94 4.406c-8.758-3.812-14.42-12.45-14.42-21.1L351.9 288H32C14.33 288 .0002 273.7 .0002 255.1S14.33 224 32 224h319.9l0-72c0-9.547 5.66-18.19 14.42-22c8.754-3.809 18.95-2.075 25.94 4.41l112.1 104C514.6 247.9 514.6 264.1 504.3 273.6z\"><\/path><\/svg><\/a><\/div><\/div><\/div>\n<\/div>\n\n\n\n<div class=\"wp-block-uagb-container uagb-block-fa54ffa5\">\n<div class=\"wp-block-uagb-info-box uagb-block-d088d59c uagb-infobox__content-wrap  uagb-infobox-icon-left uagb-infobox-left uagb-infobox-stacked-tablet uagb-infobox-image-valign-top\"><div class=\"uagb-ifb-image-content\"><img decoding=\"async\" src=\"https:\/\/ramonbatlle.com\/wp-content\/uploads\/2023\/07\/inforpemeet-2-300x195.png\" alt=\"\" width=\"160\" height=\"104\" loading=\"lazy\"\/><\/div><div class=\"uagb-ifb-content\"><div class=\"uagb-ifb-title-wrap\"><h4 class=\"uagb-ifb-title\"><strong>InfoPreMeet<\/strong><\/h4><\/div><p class=\"uagb-ifb-desc\">Aplicatiu que un cop configurat pel teu centre permetr\u00e0 als tutors sol\u00b7licitar informaci\u00f3 dels alumnes abans d&#8217;una entrevista.<br><br><\/p><div class=\"uagb-ifb-button-wrapper wp-block-button\"><a href=\"#\" class=\"uagb-infobox-cta-link wp-block-button__link\" target=\"_self\" rel=\"noopener noreferrer\" onclick=\"return false;\" alt=\"\"><span class=\"uagb-inline-editing\">Properament<\/span><\/a><\/div><\/div><\/div>\n<\/div>\n\n\n\n<div class=\"wp-block-uagb-container uagb-block-71a8d40b\">\n<div class=\"wp-block-uagb-info-box uagb-block-08b543c9 uagb-infobox__content-wrap  uagb-infobox-icon-left uagb-infobox-left uagb-infobox-stacked-tablet uagb-infobox-image-valign-top\"><div class=\"uagb-ifb-image-content\"><img decoding=\"async\" src=\"https:\/\/ramonbatlle.com\/wp-content\/uploads\/2023\/07\/coav-plant.png\" alt=\"\" width=\"160\" height=\"160\" loading=\"lazy\"\/><\/div><div class=\"uagb-ifb-content\"><div class=\"uagb-ifb-title-wrap\"><h4 class=\"uagb-ifb-title\"><strong><strong>Coavaluaci\u00f3 i Autoavaluaci\u00f3<\/strong> <\/strong><\/h4><\/div><p class=\"uagb-ifb-desc\">Plantilla que serveix per qualificar de manera autom\u00e0tica les coavaluacions i autoavaluacions entre companys.<br><br><\/p><div class=\"uagb-ifb-button-wrapper wp-block-button\"><a href=\"https:\/\/ramonbatlle.com\/index.php\/2023\/10\/28\/coavaluacio-i-autoavaluacio\/\" class=\"uagb-infobox-cta-link wp-block-button__link\" target=\"_self\" rel=\"noopener noreferrer\" onclick=\"return true;\" alt=\"\"><span class=\"uagb-inline-editing\">Provar-lo<\/span><svg xmlns=\"https:\/\/www.w3.org\/2000\/svg\" viewBox=\"0 0 512 512\"><path d=\"M504.3 273.6l-112.1 104c-6.992 6.484-17.18 8.218-25.94 4.406c-8.758-3.812-14.42-12.45-14.42-21.1L351.9 288H32C14.33 288 .0002 273.7 .0002 255.1S14.33 224 32 224h319.9l0-72c0-9.547 5.66-18.19 14.42-22c8.754-3.809 18.95-2.075 25.94 4.41l112.1 104C514.6 247.9 514.6 264.1 504.3 273.6z\"><\/path><\/svg><\/a><\/div><\/div><\/div>\n<\/div>\n\n\n\n<div class=\"wp-block-uagb-container uagb-block-490d36a6\">\n<div class=\"wp-block-uagb-info-box uagb-block-4f68a0cd uagb-infobox__content-wrap  uagb-infobox-icon-left uagb-infobox-left uagb-infobox-stacked-tablet uagb-infobox-image-valign-top\"><div class=\"uagb-ifb-image-content\"><img decoding=\"async\" src=\"https:\/\/ramonbatlle.com\/wp-content\/uploads\/2023\/07\/agenda.png\" alt=\"\" width=\"160\" height=\"160\" loading=\"lazy\"\/><\/div><div class=\"uagb-ifb-content\"><div class=\"uagb-ifb-title-wrap\"><h4 class=\"uagb-ifb-title\"><strong>Agenda d&#8217;Entrevistes<\/strong><\/h4><\/div><p class=\"uagb-ifb-desc\">Plantilla que et permet gestionar les entrevistes i la comunicaci\u00f3 amb els pares. Permet enviar correus i gestionar el calendari. <br><br><\/p><div class=\"uagb-ifb-button-wrapper wp-block-button\"><a href=\"#\" class=\"uagb-infobox-cta-link wp-block-button__link\" target=\"_self\" rel=\"noopener noreferrer\" onclick=\"return false;\" alt=\"\"><span class=\"uagb-inline-editing\">Properament<\/span><\/a><\/div><\/div><\/div>\n<\/div>\n<\/div><\/div>\n\n\n\n<div class=\"wp-block-uagb-container uagb-block-1fe3fa5d alignfull uagb-is-root-container\"><div class=\"uagb-container-inner-blocks-wrap\">\n<div class=\"wp-block-uagb-container uagb-block-e5b8c7b1\">\n<div class=\"wp-block-uagb-info-box uagb-block-b7783cab uagb-infobox__content-wrap  uagb-infobox-icon-above-title uagb-infobox-image-valign-top\"><div class=\"uagb-ifb-content\"><div class=\"uagb-ifb-icon-wrap\"><svg xmlns=\"https:\/\/www.w3.org\/2000\/svg\" viewBox=\"0 0 496 512\"><path d=\"M245.8 214.9l-33.22 17.28c-9.43-19.58-25.24-19.93-27.46-19.93-22.13 0-33.22 14.61-33.22 43.84 0 23.57 9.21 43.84 33.22 43.84 14.47 0 24.65-7.09 30.57-21.26l30.55 15.5c-6.17 11.51-25.69 38.98-65.1 38.98-22.6 0-73.96-10.32-73.96-77.05 0-58.69 43-77.06 72.63-77.06 30.72-.01 52.7 11.95 65.99 35.86zm143.1 0l-32.78 17.28c-9.5-19.77-25.72-19.93-27.9-19.93-22.14 0-33.22 14.61-33.22 43.84 0 23.55 9.23 43.84 33.22 43.84 14.45 0 24.65-7.09 30.54-21.26l31 15.5c-2.1 3.75-21.39 38.98-65.09 38.98-22.69 0-73.96-9.87-73.96-77.05 0-58.67 42.97-77.06 72.63-77.06 30.71-.01 52.58 11.95 65.56 35.86zM247.6 8.05C104.7 8.05 0 123.1 0 256c0 138.5 113.6 248 247.6 248 129.9 0 248.4-100.9 248.4-248 0-137.9-106.6-248-248.4-248zm.87 450.8c-112.5 0-203.7-93.04-203.7-202.8 0-105.4 85.43-203.3 203.7-203.3 112.5 0 202.8 89.46 202.8 203.3-.01 121.7-99.68 202.8-202.8 202.8z\"><\/path><\/svg><\/div><div class=\"uagb-ifb-title-wrap\"><h3 class=\"uagb-ifb-title\">Llic\u00e8ncia<\/h3><\/div><p class=\"uagb-ifb-desc\">Tots els aplicatius i plantilles es distribueixen sota llic\u00e8ncia BY-NC-SA.<\/p><\/div><\/div>\n<\/div>\n\n\n\n<div class=\"wp-block-uagb-container uagb-block-f6a1174b\">\n<div class=\"wp-block-uagb-info-box uagb-block-d8ca569c uagb-infobox__content-wrap  uagb-infobox-icon-above-title uagb-infobox-image-valign-top\"><div class=\"uagb-ifb-content\"><div class=\"uagb-ifb-icon-wrap\"><svg xmlns=\"https:\/\/www.w3.org\/2000\/svg\" viewBox=\"0 0 640 512\"><path d=\"M384 480C384 491.7 387.1 502.6 392.6 512H392C369.9 512 352 494.1 352 472V384C352 366.3 337.7 352 320 352H256C238.3 352 224 366.3 224 384V472C224 494.1 206.1 512 184 512H128.1C126.6 512 125.1 511.9 123.6 511.8C122.4 511.9 121.2 512 120 512H104C81.91 512 64 494.1 64 472V360C64 359.1 64.03 358.1 64.09 357.2V287.6H32.05C14.02 287.6 0 273.5 0 255.5C0 246.5 3.004 238.5 10.01 231.5L266.4 8.016C273.4 1.002 281.4 0 288.4 0C295.4 0 303.4 2.004 309.5 7.014L490.7 166.3C447.2 181.7 416 223.2 416 272V296.6C396.9 307.6 384 328.3 384 352L384 480zM528 192C572.2 192 608 227.8 608 272V320C625.7 320 640 334.3 640 352V480C640 497.7 625.7 512 608 512H448C430.3 512 416 497.7 416 480V352C416 334.3 430.3 320 448 320V272C448 227.8 483.8 192 528 192zM528 240C510.3 240 496 254.3 496 272V320H560V272C560 254.3 545.7 240 528 240z\"><\/path><\/svg><\/div><div class=\"uagb-ifb-title-wrap\"><h3 class=\"uagb-ifb-title\">Dades personals<\/h3><\/div><p class=\"uagb-ifb-desc\">Els aplicatius no recullen dades personals; els permisos s\u00f3n necessaris per al funcionament i la informaci\u00f3 es guarda en documents propis dels usuaris. Informa&#8217;t a <a href=\"https:\/\/ramonbatlle.com\/index.php\/politica-privadesa\/\" data-type=\"URL\" data-id=\"https:\/\/ramonbatlle.com\/index.php\/politica-privadesa\/\">Pol\u00edtica de privadesa.<\/a><\/p><\/div><\/div>\n<\/div>\n\n\n\n<div class=\"wp-block-uagb-container uagb-block-c459d40c\">\n<div class=\"wp-block-uagb-info-box uagb-block-4c14c0fb uagb-infobox__content-wrap  uagb-infobox-icon-above-title uagb-infobox-image-valign-top\"><div class=\"uagb-ifb-content\"><div class=\"uagb-ifb-icon-wrap\"><svg xmlns=\"https:\/\/www.w3.org\/2000\/svg\" viewBox=\"0 0 640 512\"><path d=\"M523.9 31.1H574C603.4 31.1 628.1 51.99 636.1 80.48L640 95.1L544 119.1V191.1C544 279.1 484.9 354.1 404.2 376.8L446.2 478.9C451.2 491.1 445.4 505.1 433.1 510.2C420.9 515.2 406.9 509.4 401.8 497.1L355.2 383.1C354.1 383.1 353.1 384 352 384H311.1L350.2 478.9C355.2 491.1 349.4 505.1 337.1 510.2C324.9 515.2 310.9 509.4 305.8 497.1L259.2 384H126.1L51.51 441.4C37.5 452.1 17.41 449.5 6.638 435.5C-4.138 421.5-1.517 401.4 12.49 390.6L368 117.2V88C368 39.4 407.4 0 456 0C483.3 0 507.7 12.46 523.9 32V31.1zM456 111.1C469.3 111.1 480 101.3 480 87.1C480 74.74 469.3 63.1 456 63.1C442.7 63.1 432 74.74 432 87.1C432 101.3 442.7 111.1 456 111.1z\"><\/path><\/svg><\/div><div class=\"uagb-ifb-title-wrap\"><h3 class=\"uagb-ifb-title\">Utilitza&#8217;ls lliurement<\/h3><\/div><p class=\"uagb-ifb-desc\">Els aplicatius s\u00f3n distribu\u00efts sense \u00e0nim de lucre i amb l&#8217;\u00fanica finalitat de col\u00b7laborar amb la comunitat, no es dona suport de manera nativa, ni es garanteix el seu funcionament, tot i que s&#8217;han provat. Si detecteu algun error, podeu informar-me&#8217;n.<\/p><\/div><\/div>\n<\/div>\n<\/div><\/div>\n","protected":false},"excerpt":{"rendered":"<p>Eines Tic\u200b<\/p>\n","protected":false},"author":1,"featured_media":0,"parent":0,"menu_order":0,"comment_status":"closed","ping_status":"closed","template":"","meta":{"_uag_custom_page_level_css":"","_monsterinsights_skip_tracking":false,"_monsterinsights_sitenote_active":false,"_monsterinsights_sitenote_note":"","_monsterinsights_sitenote_category":0,"site-sidebar-layout":"no-sidebar","site-content-layout":"plain-container","ast-global-header-display":"","ast-banner-title-visibility":"","ast-main-header-display":"","ast-hfb-above-header-display":"","ast-hfb-below-header-display":"","ast-hfb-mobile-header-display":"","site-post-title":"disabled","ast-breadcrumbs-content":"","ast-featured-img":"disabled","footer-sml-layout":"","theme-transparent-header-meta":"enabled","adv-header-id-meta":"","stick-header-meta":"","header-above-stick-meta":"","header-main-stick-meta":"","header-below-stick-meta":"","_themeisle_gutenberg_block_has_review":false,"footnotes":""},"class_list":["post-219","page","type-page","status-publish","hentry"],"yoast_head":"<!-- This site is optimized with the Yoast SEO plugin v21.4 - https:\/\/yoast.com\/wordpress\/plugins\/seo\/ -->\n<title>Eines Docents - Educaci\u00f3 - Desc\u00e0rrega Gratu\u00efta<\/title>\n<meta name=\"description\" content=\"Descarrega&#039;t gratu\u00eftament eines tic o plantilles per per facilitar-te la tasca docent o per a la gesti\u00f3 dels centres educatius.\" \/>\n<meta name=\"robots\" content=\"index, follow, max-snippet:-1, max-image-preview:large, max-video-preview:-1\" \/>\n<link rel=\"canonical\" href=\"https:\/\/ramonbatlle.com\/index.php\/eines\/\" \/>\n<meta property=\"og:locale\" content=\"es_ES\" \/>\n<meta property=\"og:type\" content=\"article\" \/>\n<meta property=\"og:title\" content=\"Eines Docents - Educaci\u00f3 - Desc\u00e0rrega Gratu\u00efta\" \/>\n<meta property=\"og:description\" content=\"Descarrega&#039;t gratu\u00eftament eines tic o plantilles per per facilitar-te la tasca docent o per a la gesti\u00f3 dels centres educatius.\" \/>\n<meta property=\"og:url\" content=\"https:\/\/ramonbatlle.com\/index.php\/eines\/\" \/>\n<meta property=\"og:site_name\" content=\"Ramon Batlle\" \/>\n<meta property=\"article:modified_time\" content=\"2023-11-11T16:00:18+00:00\" \/>\n<meta property=\"og:image\" content=\"https:\/\/ramonbatlle.com\/wp-content\/uploads\/2023\/07\/edusched-300x218.png\" \/>\n<meta name=\"twitter:card\" content=\"summary_large_image\" \/>\n<meta name=\"twitter:label1\" content=\"Tiempo de lectura\" \/>\n\t<meta name=\"twitter:data1\" content=\"2 minutos\" \/>\n<script type=\"application\/ld+json\" class=\"yoast-schema-graph\">{\"@context\":\"https:\/\/schema.org\",\"@graph\":[{\"@type\":\"WebPage\",\"@id\":\"https:\/\/ramonbatlle.com\/index.php\/eines\/\",\"url\":\"https:\/\/ramonbatlle.com\/index.php\/eines\/\",\"name\":\"Eines Docents - Educaci\u00f3 - Desc\u00e0rrega Gratu\u00efta\",\"isPartOf\":{\"@id\":\"https:\/\/ramonbatlle.com\/#website\"},\"datePublished\":\"2023-07-10T09:50:37+00:00\",\"dateModified\":\"2023-11-11T16:00:18+00:00\",\"description\":\"Descarrega't gratu\u00eftament eines tic o plantilles per per facilitar-te la tasca docent o per a la gesti\u00f3 dels centres educatius.\",\"breadcrumb\":{\"@id\":\"https:\/\/ramonbatlle.com\/index.php\/eines\/#breadcrumb\"},\"inLanguage\":\"es\",\"potentialAction\":[{\"@type\":\"ReadAction\",\"target\":[\"https:\/\/ramonbatlle.com\/index.php\/eines\/\"]}]},{\"@type\":\"BreadcrumbList\",\"@id\":\"https:\/\/ramonbatlle.com\/index.php\/eines\/#breadcrumb\",\"itemListElement\":[{\"@type\":\"ListItem\",\"position\":1,\"name\":\"Portada\",\"item\":\"https:\/\/ramonbatlle.com\/\"},{\"@type\":\"ListItem\",\"position\":2,\"name\":\"Eines\"}]},{\"@type\":\"WebSite\",\"@id\":\"https:\/\/ramonbatlle.com\/#website\",\"url\":\"https:\/\/ramonbatlle.com\/\",\"name\":\"Ramon Batlle\",\"description\":\"Educaci\u00f3 i tecnologia\",\"potentialAction\":[{\"@type\":\"SearchAction\",\"target\":{\"@type\":\"EntryPoint\",\"urlTemplate\":\"https:\/\/ramonbatlle.com\/?s={search_term_string}\"},\"query-input\":\"required name=search_term_string\"}],\"inLanguage\":\"es\"}]}<\/script>\n<!-- \/ Yoast SEO plugin. -->","yoast_head_json":{"title":"Eines Docents - Educaci\u00f3 - Desc\u00e0rrega Gratu\u00efta","description":"Descarrega't gratu\u00eftament eines tic o plantilles per per facilitar-te la tasca docent o per a la gesti\u00f3 dels centres educatius.","robots":{"index":"index","follow":"follow","max-snippet":"max-snippet:-1","max-image-preview":"max-image-preview:large","max-video-preview":"max-video-preview:-1"},"canonical":"https:\/\/ramonbatlle.com\/index.php\/eines\/","og_locale":"es_ES","og_type":"article","og_title":"Eines Docents - Educaci\u00f3 - Desc\u00e0rrega Gratu\u00efta","og_description":"Descarrega't gratu\u00eftament eines tic o plantilles per per facilitar-te la tasca docent o per a la gesti\u00f3 dels centres educatius.","og_url":"https:\/\/ramonbatlle.com\/index.php\/eines\/","og_site_name":"Ramon Batlle","article_modified_time":"2023-11-11T16:00:18+00:00","og_image":[{"url":"https:\/\/ramonbatlle.com\/wp-content\/uploads\/2023\/07\/edusched-300x218.png"}],"twitter_card":"summary_large_image","twitter_misc":{"Tiempo de lectura":"2 minutos"},"schema":{"@context":"https:\/\/schema.org","@graph":[{"@type":"WebPage","@id":"https:\/\/ramonbatlle.com\/index.php\/eines\/","url":"https:\/\/ramonbatlle.com\/index.php\/eines\/","name":"Eines Docents - Educaci\u00f3 - Desc\u00e0rrega Gratu\u00efta","isPartOf":{"@id":"https:\/\/ramonbatlle.com\/#website"},"datePublished":"2023-07-10T09:50:37+00:00","dateModified":"2023-11-11T16:00:18+00:00","description":"Descarrega't gratu\u00eftament eines tic o plantilles per per facilitar-te la tasca docent o per a la gesti\u00f3 dels centres educatius.","breadcrumb":{"@id":"https:\/\/ramonbatlle.com\/index.php\/eines\/#breadcrumb"},"inLanguage":"es","potentialAction":[{"@type":"ReadAction","target":["https:\/\/ramonbatlle.com\/index.php\/eines\/"]}]},{"@type":"BreadcrumbList","@id":"https:\/\/ramonbatlle.com\/index.php\/eines\/#breadcrumb","itemListElement":[{"@type":"ListItem","position":1,"name":"Portada","item":"https:\/\/ramonbatlle.com\/"},{"@type":"ListItem","position":2,"name":"Eines"}]},{"@type":"WebSite","@id":"https:\/\/ramonbatlle.com\/#website","url":"https:\/\/ramonbatlle.com\/","name":"Ramon Batlle","description":"Educaci\u00f3 i tecnologia","potentialAction":[{"@type":"SearchAction","target":{"@type":"EntryPoint","urlTemplate":"https:\/\/ramonbatlle.com\/?s={search_term_string}"},"query-input":"required name=search_term_string"}],"inLanguage":"es"}]}},"uagb_featured_image_src":{"full":false,"thumbnail":false,"medium":false,"medium_large":false,"large":false,"1536x1536":false,"2048x2048":false,"ultp_layout_landscape_large":false,"ultp_layout_landscape":false,"ultp_layout_portrait":false,"ultp_layout_square":false},"uagb_author_info":{"display_name":"Ramon Batlle","author_link":"https:\/\/ramonbatlle.com\/index.php\/author\/admin9225\/"},"uagb_comment_info":0,"uagb_excerpt":"Eines Tic\u200b","_links":{"self":[{"href":"https:\/\/ramonbatlle.com\/index.php\/wp-json\/wp\/v2\/pages\/219","targetHints":{"allow":["GET"]}}],"collection":[{"href":"https:\/\/ramonbatlle.com\/index.php\/wp-json\/wp\/v2\/pages"}],"about":[{"href":"https:\/\/ramonbatlle.com\/index.php\/wp-json\/wp\/v2\/types\/page"}],"author":[{"embeddable":true,"href":"https:\/\/ramonbatlle.com\/index.php\/wp-json\/wp\/v2\/users\/1"}],"replies":[{"embeddable":true,"href":"https:\/\/ramonbatlle.com\/index.php\/wp-json\/wp\/v2\/comments?post=219"}],"version-history":[{"count":51,"href":"https:\/\/ramonbatlle.com\/index.php\/wp-json\/wp\/v2\/pages\/219\/revisions"}],"predecessor-version":[{"id":2113,"href":"https:\/\/ramonbatlle.com\/index.php\/wp-json\/wp\/v2\/pages\/219\/revisions\/2113"}],"wp:attachment":[{"href":"https:\/\/ramonbatlle.com\/index.php\/wp-json\/wp\/v2\/media?parent=219"}],"curies":[{"name":"wp","href":"https:\/\/api.w.org\/{rel}","templated":true}]}}